{"id":3,"date":"2020-04-30T08:14:31","date_gmt":"2020-04-30T08:14:31","guid":{"rendered":"http:\/\/test3.turizempuhan.si\/?page_id=3"},"modified":"2020-11-20T12:05:50","modified_gmt":"2020-11-20T12:05:50","slug":"privacy-policy-2","status":"publish","type":"page","link":"https:\/\/turizempuhan.si\/?page_id=3","title":{"rendered":"Splo\u0161ni pogoji poslovanja"},"content":{"rendered":"<h1 class=\"wp-block-heading\"><strong>OSNOVNI PODATKI O PODJETJU<\/strong><\/h1>\r\n<p>Katarina Puhan \u2013 nosilka dopolnilne dejavnosti na kmetiji, Bogojina 311, 9222 Bogojina<\/p>\r\n<p><strong>Tel.:<\/strong>\u00a0+386 41 637 242<\/p>\r\n<p><strong>Email:<\/strong>\u00a0<a href=\"mailto:puhan.olga@gmail.com\">puhan.olga@gmail.com<\/a><br \/><strong>Spletna stran:<\/strong>\u00a0<a href=\"https:\/\/www.turizempuhan.si\/\">https:\/\/www.turizempuhan.si\/<\/a><br \/><strong>Facebook:<\/strong>\u00a0<a href=\"https:\/\/www.facebook.com\/puhanbogojina\/\">https:\/\/www.facebook.com\/puhanbogojina\/<\/a><\/p>\r\n<p><strong>ID za DDV:<\/strong>\u00a0SI 21845484<br \/><strong>TRR\/IBAN:<\/strong>\u00a0SI56 1010 0005 5862 489 Banka Intesa Sanpaolo d.d.<\/p>\r\n<p>Splo\u0161ni pogoji poslovanja spletne trgovine Turisti\u010dne kmetije Puhan dolo\u010dajo pogoje nakupa ter prodaje izdelkov, ki jo izvaja Katarina Puhan \u2013 nosilka dopolnilne dejavnosti, Bogojina 311, 9222 Bogojina (v nadaljevanju ponudnik).<\/p>\r\n<p>Pogoji poslovanja spletne trgovine\u00a0<a href=\"https:\/\/www.turizempuhan.si\/\">https:\/\/www.turizempuhan.si\/<\/a>\u00a0so sestavljeni v skladu z Zakonom o varstvu potro\u0161nikov (ZVPot) ter s priporo\u010dili TZS.<\/p>\r\n<p>Spletna trgovina\u00a0<a href=\"https:\/\/www.turizempuhan.si\/\">https:\/\/www.turizempuhan.si\/<\/a>\u00a0deluje 24 ur na dan in vse dni v tednu. Uporaba spletne trgovine\u00a0<a href=\"https:\/\/www.turizempuhan.si\/\">https:\/\/www.turizempuhan.si\/<\/a>\u00a0je brezpla\u010dna. Izberete in naro\u010dite izdelke ter jih uvrstite v nakupovalno ko\u0161arico. S kon\u010dno\u00a0potrditvijo naro\u010dilo oddate. Naro\u010dilo se obdela in pripravi glede na mo\u017enost dobave izdelkov.<\/p>\r\n<p>Ob naro\u010dilu vam na elektronski naslov, ki ste ga vpisali ob naro\u010dilu, po\u0161ljemo\u00a0obvestilo o va\u0161em nakupu.\u00a0Isto\u010dasno pa se va\u0161e naro\u010dilo shrani tudi pri nas. Naro\u010dilo je v elektronski obliki shranjeno na na\u0161em stre\u017eniku.<\/p>\r\n<h1>CENE<\/h1>\r\n<p>Vse navedene cene izdelkov v na\u0161i trgovini so v eur in vklju\u010dujejo davek na dodano vrednost (DDV). Ponudnik si pridr\u017euje pravico do spremembe cen, razen, \u010de ni\u00a0 navedeno druga\u010de (primer akcij in\u00a0posebnih popustov). Ko naro\u010dilo v spletni trgovini\u00a0<a href=\"https:\/\/www.turizempuhan.si\/\">https:\/\/www.turizempuhan.si\/<\/a>\u00a0potrdite, veljajo cene, objavljene s strani ponudnika, ki se zapi\u0161ejo v kon\u010dni potrditvi naro\u010dila.<\/p>\r\n<p>Pridr\u017eujemo si pravico do spremembe cen brez predhodnega obvestila. \u010ce ni druga\u010de navedeno, cene veljajo za en kos. V spletni trgovini\u00a0<a href=\"https:\/\/www.turizempuhan.si\/\">https:\/\/www.turizempuhan.si\/<\/a>\u00a0so navedene cene kot redne cene izdelkov, akcijske cene in posebna ponudba. \u00a0Akcijske cene in posebna ponudba so v spletni trgovini \u00a0<a href=\"https:\/\/www.turizempuhan.si\/\">https:\/\/www.turizempuhan.si\/<\/a>\u00a0primerno ozna\u010dene in veljajo za vse kupce spletne trgovine \u00a0<a href=\"https:\/\/www.turizempuhan.si\/\">https:\/\/www.turizempuhan.si\/<\/a>.<\/p>\r\n<h1>SLIKE IZDELKOV<\/h1>\r\n<p>Slike izdelkov so simboli\u010dne. Dejansko prejeti izdelek se lahko razlikuje od slike izdelka na spletu (barvno, \u0161tevil\u010dno\u2026odstopanje).<\/p>\r\n<h1>TEKSTI OB IZDELKIH<\/h1>\r\n<p>Teksti ob izdelkih so informativne narave in so podani s strani proizvajalca. Za podrobnej\u0161e opise in informacije se lahko obrnete na nas po telefonu\u00a0ali \u00a0+386 41 637 242 ali preko e-maila puhan.olga@gmail.com.<\/p>\r\n<h1>ODVEZA ODGOVORNOSTI<\/h1>\r\n<p>Ponudnik se po svojih najbolj\u0161ih mo\u010deh trudi zagotoviti skladnost in a\u017eurnost podatkov, ki so objavljeni na spletnih straneh podjetja in v spletni trgovini https:\/\/www.turizempuhan.si\/. Kljub temu pa se lahko karakteristike izdelkov, njihova zaloga in cena spremenijo tako hitro, da podatkov ne uspemo popraviti. V takem primeru vas bomo obvestili o eventualnih spremembah in vam omogo\u010dili preklic naro\u010dila ali zamenjavo naro\u010denega izdelka.<\/p>\r\n<h1>REKLAMACIJE IN INFORMACIJE<\/h1>\r\n<p>V primeru reklamacije ali potrebe po dodatnih informacijah pri\u010dakujemo va\u0161e sporo\u010dilo na:<\/p>\r\n<p><strong>E-naslov:<\/strong>\u00a0<a href=\"mailto:puhan.olga@gmail.com\">puhan.olga@gmail.com<\/a><br \/><strong>Tel:<\/strong>\u00a0\u00a0+386 41 637 242<br \/><strong>Naslov:<\/strong>\u00a0Katarina Puhan \u2013 nosilka dopolnilne dejavnosti na kmetiji, Bogojina 311, 9222 Bogojina<\/p>\r\n<h1>NA\u010cINI PLA\u010cILA<\/h1>\r\n<p>Spletna trgovina https:\/\/www.turizempuhan.si omogo\u010da naslednje na\u010dine pla\u010dila:<\/p>\r\n<h3>Pla\u010dilo po predra\u010dunu<\/h3>\r\n<p>V kolikor ste v nakupovalnem postopku izbrali na\u010din pla\u010dila po predra\u010dunu vas prosimo, da pla\u010dilo po predra\u010dunu poravnate za tem, ko prejmete predra\u010dun na va\u0161 e-naslov.<\/p>\r\n<p>Svoje obveznosti lahko poravnate preko spletne banke kot tudi neposredno na banki ali po\u0161ti.<\/p>\r\n<p>Prosimo, da pla\u010dilo po predra\u010dunu poravnate v roku 2 delovnih dni od prejema predra\u010duna na va\u0161 e-naslov. Naro\u010dilo ne bo odposlano, dokler ne prejmemo pla\u010dila na na\u0161 ban\u010dni ra\u010dun.<\/p>\r\n<h3>Pla\u010dilo po povzetju<\/h3>\r\n<p>Ob prejemu naro\u010dila in izbiri pla\u010dila po povzetju vam bomo preko spletne trgovine\u00a0<a href=\"https:\/\/www.turizempuhan.si\">https:\/\/www.turizempuhan.si<\/a>\u00a0\u00a0poslali potrdilo o prejemu naro\u010dila. Kupnino pla\u010date dostavni slu\u017ebi ob dostavi naro\u010denega blaga. Pla\u010dilo dostavni slu\u017ebi ob prevzemu je mo\u017eno z gotovino. Pri pla\u010dilu po povzetju velja cena izdelka, veljavna na dan naro\u010dila.<\/p>\r\n<p>\u010ce vas v \u010dasu dostave ni doma, bo po\u0161tni delavec pustil obvestilo o dostavi izdelkov v va\u0161em nabiralniku, na podlagi katerega boste paket lahko osebno prevzeli na vam najbli\u017eji po\u0161tni enoti. Naro\u010dene izdelke lahko pla\u010date tudi ob prevzemu v enoti Po\u0161te Slovenije.<\/p>\r\n<p>Naro\u010dnik pla\u010da tudi stro\u0161ke po\u0161iljanja.<\/p>\r\n<p>Naro\u010dilo obvezuje kupca, da blago brezpogojno pla\u010da in prevzame, ter \u0161ele zatem uveljavlja pravico do vra\u010dila blaga.<\/p>\r\n<p>Naro\u010dilo smatramo dokon\u010dno izvedeno \u0161ele po telefonskem pogovoru s prodajalcem iz trgovine, po potrditvi naro\u010dila pa ga po\u0161lje naro\u010dniku na po\u0161tni naslov, ki ga je naro\u010dnik navedel v naro\u010dilnici.<\/p>\r\n<p>V kolikor naro\u010denega\u00a0blaga ob dogovorjenem datumu ne boste prevzeli, stro\u0161ke ponovne dostave krijete vi.<\/p>\r\n<p><strong>POMEMBNO:<\/strong><br \/><strong>V kolikor izdelki, ki ste jih naro\u010dili niso na zalogi, vam bomo sredstva rezervirana za pla\u010dilo, sprostili nazaj na va\u0161 TRR ra\u010dun.<\/strong><\/p>\r\n<h1>DOBAVNI ROK<\/h1>\r\n<p>Dobavni rok, \u010de je izdelek oz. pridelek na zalogi, je najve\u010d pet dni od prejetja elektronskega obvestila na va\u0161 e-po\u0161tni naslov, da je va\u0161e naro\u010dilo odposlano, v nasprotnem primeru pa ustrezno dlje. V primeru, da ob dostavi kupec na dogovorjenem naslovu ni navzo\u010d, izdelek lahko veljavno prevzame polnoletna oseba, ki \u017eivi v istem gospodinjstvu skupaj s kupcem, oziroma druga oseba, ki ima pooblastilo za prevzem. Ob prevzemu kupec s podpisom potrdi koli\u010dino in kakovost naro\u010denega blaga.<\/p>\r\n<h1>STRO\u0160EK DOSTAVE<\/h1>\r\n<p>Za naro\u010dila vam bomo na predra\u010dunu obra\u010dunali stro\u0161ke dostave v skladu z cenikom Po\u0161te Slovenije-.\u00a0 Le-ti so odvisni od te\u017ee paketa.<\/p>\r\n<p>Mo\u017een pa je tudi osebni prevzem v\u00a0 trgovinici na Turisti\u010dna kmetija Puhan v Bogojini \u2013 v\u00a0 tem primeru stro\u0161kov prevzema ni.<\/p>\r\n<h1>VRA\u010cILO BLAGA<\/h1>\r\n<h3>PRAVICA DO ODSTOPA OD NAKUPA, VRA\u010cILO BLAGA<\/h3>\r\n<p>V primeru odstopa od pogodbe ponudnik nemudoma oz. najpozneje v 14 dneh po prejemu obvestila o odstopu od pogodbe in vra\u010dilu blaga vrne vsa prejeta pla\u010dila (razen po\u0161tnine). \u010ce je potro\u0161nik blago \u017ee prejel in odstopi od pogodbe, ga vrne ali izro\u010di ponudniku ali osebi, ki jo ponudnik pooblasti za prevzem blaga, nemudoma ali najpozneje v 14 dneh po obvestilu o odstopu, razen \u010de ponudnik ponudi, da sam prevzame vrnjeno blago. \u0160teje se, da potro\u0161nik pravo\u010dasno vrne blago, \u010de ga po\u0161lje pred iztekom 14 dnevnega roka za vra\u010dilo.<\/p>\r\n<p>Stro\u0161ke, ki nastanejo ob vra\u010dilu blaga, poravna kupec. Vrnjeni izdelki morajo biti neuporabljeni, nepo\u0161kodovani ter v originalni embala\u017ei. Vra\u010dilu mora kupec obvezno prilo\u017eiti kopijo ra\u010duna.<\/p>\r\n<p>Pravico do zamenjave blaga, vra\u010dila kupnine, garancije, stvarnih napak in nepravilno opravljenih storitev natan\u010dneje urejajo dolo\u010dila zakona o varstvu potro\u0161nikov \u2013 povezava:\u00a0http:\/\/www.zps.si\/images\/stories\/zakoni\/zvpot_enpb_dec11.pdf\u00a0(neuradno pre\u010di\u0161\u010deno besedilo).<\/p>\r\n<h3>PREVERJANJE PRIMERNOSTI IZDELKA<\/h3>\r\n<p>Primernost izdelka za normalno rabo se presoja glede na obi\u010dajno blago enake vrste in ob upo\u0161tevanju izjav o zna\u010dilnostih blaga, ki smo vam jih dali mi ali proizvajalec zlasti z ogla\u0161evanjem, predstavitvijo izdelka ali navedbami na blagu samem.<\/p>\r\n<h3>UVELJAVITEV STVARNE NAPAKE<\/h3>\r\n<p>O morebitni stvarni napaki nas morate obvestiti na lastne stro\u0161ke, v zakonsko dolo\u010denem roku. Obvestilo mora vsebovati natan\u010den opis napake. Omogo\u010diti nam morate pregled izdelka.\u00a0Pravico do uveljavitve stvarne napake natan\u010dneje opredeljuje Zakon o varstvu potro\u0161nikov.<\/p>\r\n<h1>SHRANJEVANJE POGODBE (NARO\u010cILA)<\/h1>\r\n<p>Vsa opravljena naro\u010dila in kopije ra\u010dunov arhiviramo na naslovu Katarina Puhan \u2013 nosilka dopolnilne dejavnosti na kmetiji, Bogojina 311, 9222 Bogojina. Kopijo lahko vedno pridobite z zahtevo poslano na e-naslov:\u00a0<a href=\"mailto:puhan.olga@gmail.com.\">puhan.olga@gmail.com.<\/a><\/p>\r\n<h1>VAROVANJE PODATKOV<\/h1>\r\n<p>Lastnik (zbiratelj podatkov) spletne trgovine\u00a0<a href=\"https:\/\/www.turizempuhan.si\">https:\/\/www.turizempuhan.si<\/a>\u00a0je:<\/p>\r\n<p>Katarina Puhan \u2013 nosilka dopolnilne dejavnosti na kmetiji, Bogojina 311, 9222 Bogojina<\/p>\r\n<p><strong>Tel.:<\/strong>\u00a0+386 41 637 242<\/p>\r\n<p><strong>Email:<\/strong>\u00a0<a href=\"mailto:puhan.olga@gmail.com\">puhan.olga@gmail.com<\/a><br \/><strong>Spletna stran:<\/strong>\u00a0<a href=\"https:\/\/www.turizempuhan.si\/\">https:\/\/www.turizempuhan.si\/<\/a><br \/><strong>Facebook:<\/strong>\u00a0<a href=\"https:\/\/www.facebook.com\/puhanbogojina\/\">https:\/\/www.facebook.com\/puhanbogojina\/<\/a><\/p>\r\n<p><strong>ID za DDV:<\/strong>\u00a0SI 21845484<br \/><strong>TRR\/IBAN:<\/strong>\u00a0SI56 1010 0005 5862 489 Banka Intesa Sanpaolo d.d.<\/p>\r\n<p>Ponudnik se zavezuje, da bo \u0161\u010ditil va\u0161o zasebnost pri uporabi na\u0161e spletne trgovine\u00a0<a href=\"https:\/\/www.turzempuhan.si\">https:\/\/www.turizempuhan.si<\/a>.<\/p>\r\n<h1>ZBIRANJE OSEBNIH PODATKOV<\/h1>\r\n<p>Z nakupovanjem v spletni trgovini\u00a0<a href=\"https:\/\/www.turizempuhan.si\">https:\/\/www.turizempuhan.si<\/a>\u00a0dovoljujete, da Katarina Puhan \u2013 nosilka dopolnilne dejavnosti na kmetiji, kot upravljavec zbirke osebnih podatkov vse posredovane podatke s strani uporabnika in podatke o vsebini nakupov zbira in obdeluje v skladu z Zakonom o varstvu osebnih podatkov (ZVOP-1).<\/p>\r\n<p>Zavezujemo se, da bomo va\u0161e osebne podatke in ostale podatke, zbrane ob oddaji naro\u010dila, varovali v skladu z ZVOP-1, \u0161\u010ditili pred razkritjem in posredovanjem tretjim osebam ter jih bomo uporabili izklju\u010dno za potrebe izpolnitve naro\u010dila, izstavitve ra\u010duna in re\u0161evanja morebitnih reklamacij ter ostalo potrebno komunikacijo.\u00a0Zavezujemo se tudi k trajnemu varovanju vseh va\u0161ih osebnih podatkov.<\/p>\r\n<p>Spletna trgovina\u00a0<a href=\"https:\/\/www.turizempuhan.si\">https:\/\/www.turizempuhan.si<\/a>\u00a0lahko samodejno zbira tudi nekatere podatke o strojni in programski opremi va\u0161ega ra\u010dunalnika. Med te podatke sodijo: naslov IP, vrsta brskalnika, imena domen, \u010das dostopanja in naslovi spletnih mest, ki ste jih obiskali v na\u0161i spletni trgovini\u00a0<a href=\"https:\/\/www.turizempuhan.si\">https:\/\/www.turizempuhan.si<\/a>. Ponudnik te informacije uporablja izklju\u010dno za izra\u010dun splo\u0161ne statistike o uporabi spletne trgovine\u00a0<a href=\"https:\/\/www.turizempuhan.si\">https:\/\/www.turizempuhan.si<\/a>\u00a0in optimizacijo.<\/p>\r\n<h1>UPORABA OSEBNIH PODATKOV<\/h1>\r\n<p>Podatke zbiramo z namenom zagotavljanja pravilnega delovanja na\u0161e spletne trgovine\u00a0<a href=\"https:\/\/www.turizempuhan.si\">https:\/\/www.turizempuhan.si<\/a>\u00a0ter nudenja zahtevanih storitev. Va\u0161e podatke lahko uporabimo tudi za namene internih tr\u017enih raziskav in obve\u0161\u010danje o novostih v spletni trgovini\u00a0<a href=\"https:\/\/www.turizempuhan.si\">https:\/\/www.turizempuhan.si<\/a>\u00a0kot tudi o novostih glede izdelkov ali storitev, ki jih nudi podjetje\u00a0<a href=\"https:\/\/www.turizempuhan.si\">https:\/\/www.turizempuhan.si<\/a>\u00a0Podatke strank hranimo trajno in jih uporabljamo v trajno rabo dokler stranka ne zahteva druga\u010de. V primeru \u201cvdora\u201d v bazo oz. v ra\u010dunalni\u0161ki sistem ne nosimo odgovornosti za posledice.<\/p>\r\n<h1>UPORABA PI\u0160KOTKOV \u2013\u00a0SPLO\u0160NO POJASNILO<\/h1>\r\n<p>Spremenjeni Zakon o elektronskih komunikacijah (Uradni list \u0161t. 109\/2012; v nadaljevanju ZEKom-1), ki je za\u010del veljati v za\u010detku\u00a0leta 2013, je prinesel nova pravila glede uporabe pi\u0161kotkov in podobnih tehnologij za shranjevanje informacij ali dostop do informacij, shranjenih na ra\u010dunalniku ali mobilni napravi uporabnika.<\/p>\r\n<h3>KAJ SO PI\u0160KOTKI?<\/h3>\r\n<p>Pi\u0161kotek je majhna datoteka, obi\u010dajno vsebuje zaporedje \u010drk in \u0161tevilk, ki se nalo\u017ei na uporabnikov ra\u010dunalnik, ko ta obi\u0161\u010de\u00a0dolo\u010deno spletno stran. Ob vsakem ponovnem obisku bo spletna\u00a0stran pridobila podatek o nalo\u017eenem pi\u0161kotku in uporabnika prepoznala. Pi\u0161kotki so pomembni za delovanje spletnih strani, za to,\u00a0da je uporabnikova izku\u0161nja bolj\u0161a.<\/p>\r\n<h1>PRAVNO OBVESTILO<\/h1>\r\n<p>Spletna trgovina\u00a0<a href=\"https:\/\/www.turizempuhan.si\/\">https:\/\/www.turizempuhan.si\/<\/a>\u00a0in vsi podatki na njej, slike artiklov, grafi\u010dni in video elementi na spletni strani so za\u0161\u010diteni in jih ni dovoljeno reproducirati ali uporabljati brez predhodnega pisnega dovoljenja.<\/p>\r\n<h1>OMEJITEV ODGOVORNOSTI<\/h1>\r\n<p>Katarina Puhan \u2013 nosilka dopolnilne dejavnosti (ponudnik), se po svojih najbolj\u0161ih mo\u010deh trudi zagotoviti a\u017eurnost in pravilnost podatkov, ki so objavljeni na njenih spletnih straneh. Kljub temu pa se lahko lastnosti artiklov, rok dobave ali cena spremenijo tako hitro, da ponudnik v\u010dasih ne uspe popraviti podatkov na spletnih straneh. V takem primeru, bo ponudnik obvestil o spremembah in mu omogo\u010dil odstop od pogodbe ali zamenjavo naro\u010denega artikla.<\/p>\r\n<h1>IZKLJU\u010cITEV ODGOVORNOSTI<\/h1>\r\n<p>Pridr\u017eujemo si pravico onemogo\u010diti spletno stran ali onemogo\u010diti dostop do nje zaradi tehni\u010dnih ali drugih te\u017eav in vzdr\u017eevanja, kar pomeni tudi onemogo\u010denje ali oviro za uporabo spletne trgovine. V primeru tehni\u010dnih te\u017eav na spletni strani si pridru\u017eujemo pravico preklicati oddana naro\u010dila, katere je tehni\u010dna napaka prizadela. V primeru preklica naro\u010dil vas bomo obvestili v najkraj\u0161em mo\u017enem \u010dasu in vas seznanili z nadaljnjimi koraki. Sami morate zagotoviti ustrezno za\u0161\u010dito opreme (antivirus itd.) pred dostopom do spletne strani in uporabo le-te. Kupec mora zagotoviti ustrezno varnost in zaupnost tistih podatkov, ki se uporabljajo za prijavo na spletni strani (elektronski naslov, geslo).<\/p>\r\n<h1>PRITO\u017dBE IN SPORI<\/h1>\r\n<p>Katarina Puhan \u2013 nosilka dopolnilne dejavnosti na kmetiji spo\u0161tuje veljavno evropsko zakonodajo o varstvu potro\u0161nikov. Katarina Puhan \u2013 nosilka dopolnilne dejavnosti na kmetiji se po vseh mo\u010deh trudi izpolnjevati svojo dol\u017enost vzpostaviti u\u010dinkovit sistem obravnavanja prito\u017eb in dolo\u010diti osebo, s katero se, v primeru te\u017eav, kupec lahko pove\u017ee telefonsko ali po elektronski po\u0161ti.<\/p>\r\n<p>Prito\u017eba se odda prek e-po\u0161tnega naslova\u00a0puhan.olga@gmail.com. Postopek obravnave prito\u017ebe je zaupen. Katarina Puhan \u2013 nosilka dopolnilne dejavnosti na kmetiji bo v petih delovnih dneh potrdila, da je prejela prito\u017ebo, sporo\u010dila kupcu, kako dolgo jo bo obravnavala in ga vseskozi obve\u0161\u010dala o poteku postopka.<\/p>\r\n<p>Katarina Puhan \u2013 nosilka dopolnilne dejavnosti na kmetiji se zaveda, da je bistvena zna\u010dilnost potro\u0161ni\u0161kega spora, vsaj kar zadeva sodno re\u0161evanje, njegova nesorazmernost med ekonomsko vrednostjo zahtevka in stro\u0161ki, ki nastanejo pri re\u0161evanju samega spora. To je tudi glavna ovira, da potro\u0161nik ne spro\u017ei spora pred sodi\u0161\u010dem. Zato si Katarina Puhan \u2013 nosilka dopolnilne dejavnosti na kmetiji prizadeva po svojih najbolj\u0161ih mo\u010deh, da se morebitni spori re\u0161ijo sporazumno.<\/p>\r\n<p>V primeru sodnega re\u0161evanja sporov je pristojno sodi\u0161\u010de po stalnem prebivali\u0161\u010du potro\u0161nika.<\/p>\r\n<h1>IZVENSODNO RE\u0160EVANJE POTRO\u0160NI\u0160KIH SPOROV<\/h1>\r\n<p>Navedena ureditev izhaja iz Zakona o izvensodnem re\u0161evanju potro\u0161ni\u0161kih sporov, Uredbe (EU) \u0161t. 524\/2013 Evropskega parlamenta in Sveta o spletnem re\u0161evanju potro\u0161ni\u0161kih sporov ter spremembi Uredbe (ES) \u0161t. 2016\/2004 in Direktive 2009\/22\/ES.<\/p>\r\n<p>&nbsp;<\/p>","protected":false},"excerpt":{"rendered":"<p>OSNOVNI PODATKI O PODJETJU Katarina Puhan \u2013 nosilka dopolnilne dejavnosti na kmetiji, Bogojina 311, 9222 Bogojina Tel.:\u00a0+386 41 637 242 Email:\u00a0puhan.olga@gmail.comSpletna stran:\u00a0https:\/\/www.turizempuhan.si\/Facebook:\u00a0https:\/\/www.facebook.com\/puhanbogojina\/ ID za DDV:\u00a0SI 21845484TRR\/IBAN:\u00a0SI56 1010 0005 5862 489 Banka Intesa Sanpaolo d.d. Splo\u0161ni pogoji poslovanja spletne trgovine Turisti\u010dne kmetije Puhan dolo\u010dajo pogoje nakupa ter prodaje izdelkov, ki jo izvaja Katarina Puhan \u2013 nosilka dopolnilne dejavnosti, Bogojina 311, 9222 Bogojina (v nadaljevanju ponudnik). Pogoji poslovanja spletne trgovine\u00a0https:\/\/www.turizempuhan.si\/\u00a0so sestavljeni v skladu z Zakonom o [&hellip;]<\/p>\n","protected":false},"author":1,"featured_media":0,"parent":0,"menu_order":0,"comment_status":"closed","ping_status":"open","template":"","meta":{"footnotes":""},"class_list":["post-3","page","type-page","status-publish","hentry"],"jetpack_sharing_enabled":true,"_links":{"self":[{"href":"https:\/\/turizempuhan.si\/index.php?rest_route=\/wp\/v2\/pages\/3","targetHints":{"allow":["GET"]}}],"collection":[{"href":"https:\/\/turizempuhan.si\/index.php?rest_route=\/wp\/v2\/pages"}],"about":[{"href":"https:\/\/turizempuhan.si\/index.php?rest_route=\/wp\/v2\/types\/page"}],"author":[{"embeddable":true,"href":"https:\/\/turizempuhan.si\/index.php?rest_route=\/wp\/v2\/users\/1"}],"replies":[{"embeddable":true,"href":"https:\/\/turizempuhan.si\/index.php?rest_route=%2Fwp%2Fv2%2Fcomments&post=3"}],"version-history":[{"count":2,"href":"https:\/\/turizempuhan.si\/index.php?rest_route=\/wp\/v2\/pages\/3\/revisions"}],"predecessor-version":[{"id":4407,"href":"https:\/\/turizempuhan.si\/index.php?rest_route=\/wp\/v2\/pages\/3\/revisions\/4407"}],"wp:attachment":[{"href":"https:\/\/turizempuhan.si\/index.php?rest_route=%2Fwp%2Fv2%2Fmedia&parent=3"}],"curies":[{"name":"wp","href":"https:\/\/api.w.org\/{rel}","templated":true}]}}