{"id":390,"date":"2018-12-03T12:59:49","date_gmt":"2018-12-03T12:59:49","guid":{"rendered":"https:\/\/thelma.mikado-themes.com\/?page_id=390"},"modified":"2023-01-19T10:33:00","modified_gmt":"2023-01-19T10:33:00","slug":"contact-us","status":"publish","type":"page","link":"https:\/\/turizempuhan.si\/?page_id=390","title":{"rendered":"Kontakt"},"content":{"rendered":"<div class=\"wpb-content-wrapper\"><p>[vc_row][vc_column][vc_gmaps link=&#8221;#E-8_JTNDaWZyYW1lJTIwc3JjJTNEJTIyaHR0cHMlM0ElMkYlMkZ3d3cuZ29vZ2xlLmNvbSUyRm1hcHMlMkZlbWJlZCUzRnBiJTNEJTIxMW0xNCUyMTFtOCUyMTFtMyUyMTFkMTA5NDguODYwMTM0NDY0MDY1JTIxMmQxNi4yNzk0NTMyJTIxM2Q0Ni42ODE3NTY4JTIxM20yJTIxMWkxMDI0JTIxMmk3NjglMjE0ZjEzLjElMjEzbTMlMjExbTIlMjExczB4MCUyNTNBMHgyY2RhYTU5YmRkNjI4ZWU3JTIxMnNUdXJpc3RpJTI1QzQlMjU4RG5hJTI1MjBrbWV0aWphJTI1MjBQdWhhbiUyMTVlMCUyMTNtMiUyMTFzc2wlMjEyc3NpJTIxNHYxNTg4NTk1Mzk2NDQ3JTIxNW0yJTIxMXNzbCUyMTJzc2klMjIlMjB3aWR0aCUzRCUyMjYwMCUyMiUyMGhlaWdodCUzRCUyMjQ1MCUyMiUyMGZyYW1lYm9yZGVyJTNEJTIyMCUyMiUyMHN0eWxlJTNEJTIyYm9yZGVyJTNBMCUzQiUyMiUyMGFsbG93ZnVsbHNjcmVlbiUzRCUyMiUyMiUyMGFyaWEtaGlkZGVuJTNEJTIyZmFsc2UlMjIlMjB0YWJpbmRleCUzRCUyMjAlMjIlM0UlM0MlMkZpZnJhbWUlM0U=&#8221;][\/vc_column][\/vc_row][vc_row row_content_width=&#8221;grid&#8221; css=&#8221;.vc_custom_1543844940813{padding-top: 150px !important;padding-bottom: 70px !important;}&#8221;][vc_column width=&#8221;2\/3&#8243; offset=&#8221;vc_col-lg-offset-3 vc_col-lg-6 vc_col-md-offset-2 vc_col-md-8 vc_col-sm-offset-2 vc_col-xs-12&#8243; css=&#8221;.vc_custom_1543845270881{padding-right: 0px !important;padding-left: 0px !important;}&#8221;]<div class=\"mkdf-section-title-holder  mkdf-st-standard mkdf-st-title-left mkdf-st-normal-space \" style=\"text-align: center\">\n\t<div class=\"mkdf-st-inner\">\n\t\t\t\t\t<span class=\"mkdf-st-subtitle\" >\n\t\t\t\tInformacije\t\t\t<\/span>\n\t\t\t\t\t\t\t<h2 class=\"mkdf-st-title\" >\n\t\t\t\tNaslov in kontakt\t\t\t<\/h2>\n\t\t\t\t\t\t\t<h4 class=\"mkdf-st-text\" >\n\t\t\t\tNahajam se v Bogojini, le 5 km oddaljeni od Moravskih toplic ter 5 km oddaljeni od avtocestnega izvoza Gan\u010dani.\t\t\t<\/h4>\n\t\t\t<\/div>\n<\/div>[\/vc_column][\/vc_row][vc_row row_content_width=&#8221;grid&#8221; content_text_aligment=&#8221;center&#8221; css=&#8221;.vc_custom_1605092711523{padding-bottom: 20px !important;}&#8221;][vc_column offset=&#8221;vc_col-lg-offset-0 vc_col-lg-3 vc_col-md-offset-0 vc_col-md-2 vc_col-sm-offset-0 vc_col-xs-12&#8243;][\/vc_column][vc_column width=&#8221;1\/2&#8243; offset=&#8221;vc_col-lg-offset-0 vc_col-lg-2 vc_col-md-offset-0 vc_col-md-3 vc_col-sm-offset-3 vc_col-xs-12&#8243; css=&#8221;.vc_custom_1545662138192{padding-right: 0px !important;padding-left: 0px !important;}&#8221;]<div class=\"mkdf-iwt clearfix  mkdf-iwt-icon-top mkdf-iwt-icon-medium \">\n\t<div class=\"mkdf-iwt-icon\">\n\t\t\t\t\t\t\t\t\t<img loading=\"lazy\" decoding=\"async\" width=\"60\" height=\"81\" src=\"https:\/\/turizempuhan.si\/wp-content\/uploads\/2018\/12\/contact-us-iwt-img-1.png\" class=\"attachment-full size-full\" alt=\"s\" \/>\t\t\t\t\t\t<\/div>\n\t<div class=\"mkdf-iwt-content\" >\n\t\t\t\t\t<h6 class=\"mkdf-iwt-title\" >\n\t\t\t\t\t\t\t\t<span class=\"mkdf-iwt-title-text\">Naslov<\/span>\n\t\t\t\t\t\t\t<\/h6>\n\t\t\t\t\t<\/div>\n<\/div>[vc_column_text]Katarina Puhan &#8211; nosilka dopolnilne dejavnosti na kmetiji<\/p>\n<p><a href=\"https:\/\/goo.gl\/maps\/goXzPQZhYqT8Bptp9\" target=\"_blank\" rel=\"noopener noreferrer\">Bogojina 311, 9222 Bogojina<br \/>\nPrekmurje | Slovenija<\/a>[\/vc_column_text][\/vc_column][vc_column offset=&#8221;vc_col-lg-offset-0 vc_col-lg-2 vc_col-md-offset-0 vc_col-md-2 vc_col-sm-offset-0 vc_col-xs-12&#8243;][\/vc_column][vc_column width=&#8221;1\/2&#8243; offset=&#8221;vc_col-lg-offset-0 vc_col-lg-2 vc_col-md-offset-0 vc_col-md-3 vc_col-sm-offset-3 vc_col-xs-12&#8243; css=&#8221;.vc_custom_1545662147848{padding-right: 0px !important;padding-left: 0px !important;}&#8221;]<div class=\"mkdf-iwt clearfix  mkdf-iwt-icon-top mkdf-iwt-icon-medium \">\n\t<div class=\"mkdf-iwt-icon\">\n\t\t\t\t\t\t\t\t\t<img loading=\"lazy\" decoding=\"async\" width=\"76\" height=\"81\" src=\"https:\/\/turizempuhan.si\/wp-content\/uploads\/2018\/12\/contact-us-iwt-img-2.png\" class=\"attachment-full size-full\" alt=\"a\" \/>\t\t\t\t\t\t<\/div>\n\t<div class=\"mkdf-iwt-content\" >\n\t\t\t\t\t<h6 class=\"mkdf-iwt-title\" >\n\t\t\t\t\t\t\t\t<span class=\"mkdf-iwt-title-text\">Kontakt<\/span>\n\t\t\t\t\t\t\t<\/h6>\n\t\t\t\t\t<\/div>\n<\/div>[vc_column_text]<a href=\"tel:0038641637242\">Telefon : 00386 41 637 242<\/a><\/p>\n<p><a href=\"mailto:puhan.olga@gmail.com\">puhan.olga@gmail.com<\/a><\/p>\n<p>Mati\u010dna \u0161tevilka: 2562251000<br \/>\nDav\u010dna \u0161tevilka: SI 21845484[\/vc_column_text][\/vc_column][vc_column offset=&#8221;vc_col-lg-offset-0 vc_col-lg-3 vc_col-md-offset-0 vc_col-md-2 vc_col-sm-offset-0 vc_col-xs-12&#8243;][\/vc_column][\/vc_row][vc_row row_content_width=&#8221;grid&#8221; css=&#8221;.vc_custom_1605093068936{padding-top: 20px !important;padding-bottom: 70px !important;}&#8221;][vc_column width=&#8221;2\/3&#8243; offset=&#8221;vc_col-lg-offset-3 vc_col-lg-6 vc_col-md-offset-2 vc_col-md-8 vc_col-sm-offset-2 vc_col-xs-12&#8243; css=&#8221;.vc_custom_1543845270881{padding-right: 0px !important;padding-left: 0px !important;}&#8221;]<div class=\"mkdf-section-title-holder  mkdf-st-standard mkdf-st-title-left mkdf-st-normal-space \" style=\"text-align: center\">\n\t<div class=\"mkdf-st-inner\">\n\t\t\t\t\t\t\t<h2 class=\"mkdf-st-title\" >\n\t\t\t\tPi\u0161ite nam!\t\t\t<\/h2>\n\t\t\t\t\t\t\t<h4 class=\"mkdf-st-text\" >\n\t\t\t\tZaradi predvsem ob vikendih pove\u010danega obsega dela v\u010dasih za odgovor potrebujemo ve\u010d \u010dasa. V kolikor je nujno, nas raje pokli\u010dite na 041 637 242.\t\t\t<\/h4>\n\t\t\t<\/div>\n<\/div>[\/vc_column][\/vc_row][vc_row row_content_width=&#8221;grid&#8221; css=&#8221;.vc_custom_1543845200956{padding-bottom: 160px !important;}&#8221;][vc_column offset=&#8221;vc_col-lg-offset-2 vc_col-lg-8 vc_col-md-offset-1 vc_col-md-10 vc_col-sm-offset-0 vc_col-xs-12&#8243;]\n<div class=\"wpcf7 no-js\" id=\"wpcf7-f6-o1\" lang=\"en-US\" dir=\"ltr\">\n<div class=\"screen-reader-response\"><p role=\"status\" aria-live=\"polite\" aria-atomic=\"true\"><\/p> <ul><\/ul><\/div>\n<form action=\"\/index.php?rest_route=%2Fwp%2Fv2%2Fpages%2F390#wpcf7-f6-o1\" method=\"post\" class=\"wpcf7-form init\" aria-label=\"Contact form\" novalidate=\"novalidate\" data-status=\"init\">\n<div style=\"display: none;\">\n<input type=\"hidden\" name=\"_wpcf7\" value=\"6\" \/>\n<input type=\"hidden\" name=\"_wpcf7_version\" value=\"5.9.8\" \/>\n<input type=\"hidden\" name=\"_wpcf7_locale\" value=\"en_US\" \/>\n<input type=\"hidden\" name=\"_wpcf7_unit_tag\" value=\"wpcf7-f6-o1\" \/>\n<input type=\"hidden\" name=\"_wpcf7_container_post\" value=\"0\" \/>\n<input type=\"hidden\" name=\"_wpcf7_posted_data_hash\" value=\"\" \/>\n<\/div>\n<p><label> Ime in priimek (obvezno)<br \/>\n<span class=\"wpcf7-form-control-wrap\" data-name=\"ime\"><input size=\"40\" maxlength=\"400\" class=\"wpcf7-form-control wpcf7-text wpcf7-validates-as-required\" aria-required=\"true\" aria-invalid=\"false\" value=\"\" type=\"text\" name=\"ime\" \/><\/span> <\/label>\n<\/p>\n<p><label> Va\u0161 e-mail (obvezno)<br \/>\n<span class=\"wpcf7-form-control-wrap\" data-name=\"your-email\"><input size=\"40\" maxlength=\"400\" class=\"wpcf7-form-control wpcf7-email wpcf7-validates-as-required wpcf7-text wpcf7-validates-as-email\" aria-required=\"true\" aria-invalid=\"false\" value=\"\" type=\"email\" name=\"your-email\" \/><\/span> <\/label>\n<\/p>\n<p><label> Zadeva<br \/>\n<span class=\"wpcf7-form-control-wrap\" data-name=\"zadeva\"><input size=\"40\" maxlength=\"400\" class=\"wpcf7-form-control wpcf7-text\" aria-invalid=\"false\" value=\"\" type=\"text\" name=\"zadeva\" \/><\/span> <\/label>\n<\/p>\n<p><label> Sporo\u010dilo<br \/>\n<span class=\"wpcf7-form-control-wrap\" data-name=\"sporocilo\"><textarea cols=\"40\" rows=\"10\" maxlength=\"2000\" class=\"wpcf7-form-control wpcf7-textarea\" aria-invalid=\"false\" name=\"sporocilo\"><\/textarea><\/span> <\/label>\n<\/p>\n<p><label> Varnostno vpra\u0161anje (obvezno odgovorite s \u0161tevilko)<br \/>\n<span class=\"wpcf7-form-control-wrap\" data-name=\"Izraunaj\"><label><span class=\"wpcf7-quiz-label\">Ena plus 1 je?<\/span> <input size=\"40\" class=\"wpcf7-form-control wpcf7-quiz\" autocomplete=\"off\" aria-required=\"true\" aria-invalid=\"false\" type=\"text\" name=\"Izraunaj\" \/><\/label><input type=\"hidden\" name=\"_wpcf7_quiz_answer_Izraunaj\" value=\"a5d2cf478a73a0065168abee6558c824\" \/><\/span><br \/>\n<button class=\"wpcf7-form-control wpcf7-submit mkdf-btn mkdf-btn-medium mkdf-btn-solid\" type=\"submit\"><span class=\"mkdf-btn-text\">Po\u0161lji<\/span><\/button><\/label>\n<\/p><div class=\"wpcf7-response-output\" aria-hidden=\"true\"><\/div>\n<\/form>\n<\/div>\n[\/vc_column][\/vc_row]<\/p>\n<\/div>","protected":false},"excerpt":{"rendered":"<p>[vc_row][vc_column][vc_gmaps link=&#8221;#E-8_JTNDaWZyYW1lJTIwc3JjJTNEJTIyaHR0cHMlM0ElMkYlMkZ3d3cuZ29vZ2xlLmNvbSUyRm1hcHMlMkZlbWJlZCUzRnBiJTNEJTIxMW0xNCUyMTFtOCUyMTFtMyUyMTFkMTA5NDguODYwMTM0NDY0MDY1JTIxMmQxNi4yNzk0NTMyJTIxM2Q0Ni42ODE3NTY4JTIxM20yJTIxMWkxMDI0JTIxMmk3NjglMjE0ZjEzLjElMjEzbTMlMjExbTIlMjExczB4MCUyNTNBMHgyY2RhYTU5YmRkNjI4ZWU3JTIxMnNUdXJpc3RpJTI1QzQlMjU4RG5hJTI1MjBrbWV0aWphJTI1MjBQdWhhbiUyMTVlMCUyMTNtMiUyMTFzc2wlMjEyc3NpJTIxNHYxNTg4NTk1Mzk2NDQ3JTIxNW0yJTIxMXNzbCUyMTJzc2klMjIlMjB3aWR0aCUzRCUyMjYwMCUyMiUyMGhlaWdodCUzRCUyMjQ1MCUyMiUyMGZyYW1lYm9yZGVyJTNEJTIyMCUyMiUyMHN0eWxlJTNEJTIyYm9yZGVyJTNBMCUzQiUyMiUyMGFsbG93ZnVsbHNjcmVlbiUzRCUyMiUyMiUyMGFyaWEtaGlkZGVuJTNEJTIyZmFsc2UlMjIlMjB0YWJpbmRleCUzRCUyMjAlMjIlM0UlM0MlMkZpZnJhbWUlM0U=&#8221;][\/vc_column][\/vc_row][vc_row row_content_width=&#8221;grid&#8221; css=&#8221;.vc_custom_1543844940813{padding-top: 150px !important;padding-bottom: 70px !important;}&#8221;][vc_column width=&#8221;2\/3&#8243; offset=&#8221;vc_col-lg-offset-3 vc_col-lg-6 vc_col-md-offset-2 vc_col-md-8 vc_col-sm-offset-2 vc_col-xs-12&#8243; css=&#8221;.vc_custom_1543845270881{padding-right: 0px !important;padding-left: 0px !important;}&#8221;][\/vc_column][\/vc_row][vc_row row_content_width=&#8221;grid&#8221; content_text_aligment=&#8221;center&#8221; css=&#8221;.vc_custom_1605092711523{padding-bottom: 20px !important;}&#8221;][vc_column offset=&#8221;vc_col-lg-offset-0 vc_col-lg-3 vc_col-md-offset-0 vc_col-md-2 vc_col-sm-offset-0 vc_col-xs-12&#8243;][\/vc_column][vc_column width=&#8221;1\/2&#8243; offset=&#8221;vc_col-lg-offset-0 vc_col-lg-2 vc_col-md-offset-0 vc_col-md-3 vc_col-sm-offset-3 vc_col-xs-12&#8243; css=&#8221;.vc_custom_1545662138192{padding-right: 0px !important;padding-left: 0px !important;}&#8221;][vc_column_text]Katarina Puhan &#8211; nosilka dopolnilne dejavnosti na kmetiji Bogojina 311, 9222 Bogojina Prekmurje | Slovenija[\/vc_column_text][\/vc_column][vc_column offset=&#8221;vc_col-lg-offset-0 vc_col-lg-2 vc_col-md-offset-0 vc_col-md-2 vc_col-sm-offset-0 vc_col-xs-12&#8243;][\/vc_column][vc_column width=&#8221;1\/2&#8243; offset=&#8221;vc_col-lg-offset-0 vc_col-lg-2 vc_col-md-offset-0 vc_col-md-3 vc_col-sm-offset-3 vc_col-xs-12&#8243; css=&#8221;.vc_custom_1545662147848{padding-right: 0px !important;padding-left: 0px [&hellip;]<\/p>\n","protected":false},"author":1,"featured_media":0,"parent":0,"menu_order":0,"comment_status":"closed","ping_status":"closed","template":"full-width.php","meta":{"footnotes":""},"class_list":["post-390","page","type-page","status-publish","hentry"],"jetpack_sharing_enabled":true,"_links":{"self":[{"href":"https:\/\/turizempuhan.si\/index.php?rest_route=\/wp\/v2\/pages\/390","targetHints":{"allow":["GET"]}}],"collection":[{"href":"https:\/\/turizempuhan.si\/index.php?rest_route=\/wp\/v2\/pages"}],"about":[{"href":"https:\/\/turizempuhan.si\/index.php?rest_route=\/wp\/v2\/types\/page"}],"author":[{"embeddable":true,"href":"https:\/\/turizempuhan.si\/index.php?rest_route=\/wp\/v2\/users\/1"}],"replies":[{"embeddable":true,"href":"https:\/\/turizempuhan.si\/index.php?rest_route=%2Fwp%2Fv2%2Fcomments&post=390"}],"version-history":[{"count":11,"href":"https:\/\/turizempuhan.si\/index.php?rest_route=\/wp\/v2\/pages\/390\/revisions"}],"predecessor-version":[{"id":4572,"href":"https:\/\/turizempuhan.si\/index.php?rest_route=\/wp\/v2\/pages\/390\/revisions\/4572"}],"wp:attachment":[{"href":"https:\/\/turizempuhan.si\/index.php?rest_route=%2Fwp%2Fv2%2Fmedia&parent=390"}],"curies":[{"name":"wp","href":"https:\/\/api.w.org\/{rel}","templated":true}]}}