{"id":516,"date":"2018-12-04T10:20:04","date_gmt":"2018-12-04T10:20:04","guid":{"rendered":"https:\/\/thelma.mikado-themes.com\/?page_id=516"},"modified":"2026-03-02T16:33:19","modified_gmt":"2026-03-02T16:33:19","slug":"our-estates","status":"publish","type":"page","link":"https:\/\/turizempuhan.si\/?page_id=516","title":{"rendered":"Preno\u010di\u0161\u010da"},"content":{"rendered":"<div class=\"wpb-content-wrapper\"><p>[vc_row row_content_width=&#8221;grid&#8221; css=&#8221;.vc_custom_1543488996481{padding-top: 150px !important;padding-bottom: 148px !important;}&#8221;][vc_column offset=&#8221;vc_col-lg-offset-2 vc_col-lg-8 vc_col-md-offset-1 vc_col-md-10 vc_col-sm-offset-0 vc_col-xs-12&#8243;]<div class=\"mkdf-section-title-holder  mkdf-st-standard mkdf-st-title-left mkdf-st-normal-space \" >\n\t<div class=\"mkdf-st-inner\">\n\t\t\t\t\t<span class=\"mkdf-st-subtitle\" >\n\t\t\t\tPreno\u010di\u0161\u010da\t\t\t<\/span>\n\t\t\t\t\t\t\t<h2 class=\"mkdf-st-title\" >\n\t\t\t\tDo\u017eivite Prekmurje in preno\u010dite na obronkih Gori\u010dkega<br \/>\t\t\t<\/h2>\n\t\t\t\t\t\t\t<h4 class=\"mkdf-st-text\" >\n\t\t\t\tTuristi\u010dna kmetija Puhan se nahaja v Bogojini, tik nad znamenito Ple\u010dnikovo cerkvijo. Mirna lega in razgled na prekmursko pokrajino ponujata popolno izhodi\u0161\u010de za raziskovanje Prekmurja \u2013 s kolesom, avtomobilom ali pe\u0161.\nNamestili vas bomo v eno izmed na\u0161ih nadstandardno opremljenih sob, kjer se sodobno udobje prepleta z doma\u010dnostjo pode\u017eelja. Vsaka soba ima svojo zasebno savno, ki vam omogo\u010da popolno sprostitev in razvajanje v intimnem zavetju lastnega prostora.\nJutra pri nas di\u0161ijo po bogatem prekmurskem zajtrku iz skrbno izbranih lokalnih sestavin, ob vikendih pa vas razvajamo tudi z na\u0161o dodatno kulinari\u010dno ponudbo, pripravljeno po tradicionalnih receptih z modernim pridihom. Pri nas boste na\u0161li mir, pristnost in razko\u0161je sprostitve \u2013 vse na enem mestu.\t\t\t<\/h4>\n\t\t\t<\/div>\n<\/div>[\/vc_column][\/vc_row][vc_row content_text_aligment=&#8221;right&#8221;][vc_column]<div class=\"mkdf-elements-holder   mkdf-one-column  mkdf-responsive-mode-768 \" ><div class=\"mkdf-eh-item   mkdf-horizontal-alignment-right \"  data-item-class=\"mkdf-eh-custom-2772\" data-1367-1600=\"0px 0px 0px 170px\" data-1025-1366=\"0px 0px 0px 170px\" data-769-1024=\"0px 0px 0px 100px\" data-681-768=\"0px 0px 0px 72px\" data-680=\"0px 0px 0px 29px\">\n\t<div class=\"mkdf-eh-item-inner\">\n\t\t<div class=\"mkdf-eh-item-content mkdf-eh-custom-2772\" style=\"padding: 0px 0px 0px 312px\">\n\t\t\t<div class=\"mkdf-single-image-holder    \">\n    <div class=\"mkdf-si-inner\" >\n                                    <img loading=\"lazy\" decoding=\"async\" width=\"1607\" height=\"750\" src=\"https:\/\/turizempuhan.si\/wp-content\/uploads\/2026\/02\/puhan-soba-prekmurje-spalnica-savna-bogojina-0.jpg\" class=\"attachment-full size-full\" alt=\"\" srcset=\"https:\/\/turizempuhan.si\/wp-content\/uploads\/2026\/02\/puhan-soba-prekmurje-spalnica-savna-bogojina-0.jpg 1607w, https:\/\/turizempuhan.si\/wp-content\/uploads\/2026\/02\/puhan-soba-prekmurje-spalnica-savna-bogojina-0-300x140.jpg 300w, https:\/\/turizempuhan.si\/wp-content\/uploads\/2026\/02\/puhan-soba-prekmurje-spalnica-savna-bogojina-0-1024x478.jpg 1024w, https:\/\/turizempuhan.si\/wp-content\/uploads\/2026\/02\/puhan-soba-prekmurje-spalnica-savna-bogojina-0-768x358.jpg 768w, https:\/\/turizempuhan.si\/wp-content\/uploads\/2026\/02\/puhan-soba-prekmurje-spalnica-savna-bogojina-0-1536x717.jpg 1536w, https:\/\/turizempuhan.si\/wp-content\/uploads\/2026\/02\/puhan-soba-prekmurje-spalnica-savna-bogojina-0-600x280.jpg 600w\" sizes=\"auto, (max-width: 1607px) 100vw, 1607px\" \/>                        <\/div>\n<\/div>\t\t<\/div>\n\t<\/div>\n<\/div><\/div>[\/vc_column][\/vc_row][vc_row row_content_width=&#8221;grid&#8221; css=&#8221;.vc_custom_1543920249799{padding-top: 160px !important;padding-bottom: 160px !important;}&#8221;][vc_column width=&#8221;8\/12&#8243;]<div class=\"mkdf-elements-holder   mkdf-one-column  mkdf-responsive-mode-768 \" ><div class=\"mkdf-eh-item    \"  data-item-class=\"mkdf-eh-custom-9265\" data-1025-1366=\"0px 0px 0px 187px\" data-769-1024=\"0px 0px 0px 68px\" data-681-768=\"0px 0px 0px 0px\" data-680=\"0px 0px 0px 0px\">\n\t<div class=\"mkdf-eh-item-inner\">\n\t\t<div class=\"mkdf-eh-item-content mkdf-eh-custom-9265\" style=\"padding: 0px 0px 0px 222px\">\n\t\t\t<div class=\"mkdf-section-title-holder  mkdf-st-standard mkdf-st-title-left mkdf-st-normal-space mkdf-st-disable-title-break\" >\n\t<div class=\"mkdf-st-inner\">\n\t\t\t\t\t<span class=\"mkdf-st-subtitle\" >\n\t\t\t\tSavna\t\t\t<\/span>\n\t\t\t\t\t\t\t<h2 class=\"mkdf-st-title\" >\n\t\t\t\tU\u017eivajte v zasebni savni\t\t\t<\/h2>\n\t\t\t\t\t\t\t<h4 class=\"mkdf-st-text\" >\n\t\t\t\tVse na\u0161e sobe so nadstandardno opremljene in vklju\u010dujejo lastno infrarde\u010do savno, ki gostom omogo\u010da popoln odklop, sprostitev ter obnovo energije v zasebnosti lastnega prostora. Toplina infrarde\u010de savne poskrbi za prijetno razvajanje po dnevu raziskovanja Prekmurja ter ustvari idealno okolje za miren in kakovosten oddih.\t\t\t<\/h4>\n\t\t\t<\/div>\n<\/div>\t\t<\/div>\n\t<\/div>\n<\/div><\/div>[\/vc_column][vc_column width=&#8221;4\/12&#8243;]<div class=\"mkdf-elements-holder   mkdf-one-column  mkdf-responsive-mode-768 \" ><div class=\"mkdf-eh-item    \"  data-item-class=\"mkdf-eh-custom-6069\" data-680=\"60px 0px 0px 0px\">\n\t<div class=\"mkdf-eh-item-inner\">\n\t\t<div class=\"mkdf-eh-item-content mkdf-eh-custom-6069\" style=\"padding: 15px 0px 0px 0px\">\n\t\t\t<div class=\"mkdf-single-image-holder    \">\n    <div class=\"mkdf-si-inner\" >\n                                    <img loading=\"lazy\" decoding=\"async\" width=\"295\" height=\"350\" src=\"https:\/\/turizempuhan.si\/wp-content\/uploads\/2026\/03\/puhan-soba-prekmurje-spalnica-savna-bogojina-zajtrk-2.jpg\" class=\"attachment-full size-full\" alt=\"\" srcset=\"https:\/\/turizempuhan.si\/wp-content\/uploads\/2026\/03\/puhan-soba-prekmurje-spalnica-savna-bogojina-zajtrk-2.jpg 295w, https:\/\/turizempuhan.si\/wp-content\/uploads\/2026\/03\/puhan-soba-prekmurje-spalnica-savna-bogojina-zajtrk-2-253x300.jpg 253w\" sizes=\"auto, (max-width: 295px) 100vw, 295px\" \/>                        <\/div>\n<\/div>\t\t<\/div>\n\t<\/div>\n<\/div><\/div>[\/vc_column][\/vc_row][vc_row row_content_width=&#8221;grid&#8221; css=&#8221;.vc_custom_1547718323828{padding-bottom: 82px !important;}&#8221;][vc_column]<div class=\"mkdf-pricing-tables mkdf-grid-list mkdf-disable-bottom-space clearfix mkdf-three-columns mkdf-medium-space\"><div class=\"mkdf-pt-wrapper mkdf-outer-space\"><div class=\"mkdf-price-table mkdf-item-space  \">\n\t<div class=\"mkdf-pt-inner\" >\n\t\t<ul>\n\t\t\t<li class=\"mkdf-pt-title-holder\" style=\"background-color: #f9f4ec\">\n\t\t\t\t<span class=\"mkdf-pt-title\" style=\"color: #0a0a0a\">Soba brez balkona<\/span>\n\t\t\t<\/li>\n\t\t\t<li class=\"mkdf-pt-prices\">\n\t\t\t\t<sup class=\"mkdf-pt-value\" >\u20ac<\/sup>\n\t\t\t\t<span class=\"mkdf-pt-price\" >od 150<\/span>\n\t\t\t\t<p class=\"mkdf-pt-mark\" style=\"color: #b5a46d\">na no\u010d<\/p>\n\t\t\t<\/li>\n\t\t\t<li class=\"mkdf-pt-content\">\n\t\t\t\t\n<ul>\n<li>No\u010ditev za dve osebi v suiti.<\/li>\n<li>Mo\u017enost dodatnega le\u017ei\u0161\u010da za dve osebi (dopla\u010dilo)<\/li>\n<li>Vklju\u010den bogat prekmurski zajtrk.<\/li>\n<li>Sve\u017ea posteljnina in brisa\u010de.<\/li>\n<li>Kozmetika L&#8217;Occitane<\/li>\n<li>Zasebna savna.<\/li>\n<li>Balkon in terasa.<\/li>\n<li>Brezpla\u010den WI-FI in televizija.<\/li>\n<li>Klimatska naprava.<\/li>\n<li>Mini bar in oprema za pripravo kave in \u010daja.<\/li>\n<li>DOPLA\u010cILO za turisti\u010dno takso 2\u20ac na osebo na dan.<\/li>\n<li>Minimalno 2 no\u010ditvi.<\/li>\n<li><\/li>\n<\/ul>\n\t\t\t<\/li>\n\t\t\t\t\t<\/ul>\n\t<\/div>\n<\/div><div class=\"mkdf-price-table mkdf-item-space  \">\n\t<div class=\"mkdf-pt-inner\" >\n\t\t<ul>\n\t\t\t<li class=\"mkdf-pt-title-holder\" style=\"background-color: #f9f4ec\">\n\t\t\t\t<span class=\"mkdf-pt-title\" style=\"color: #000000\">Soba z balkonom<\/span>\n\t\t\t<\/li>\n\t\t\t<li class=\"mkdf-pt-prices\">\n\t\t\t\t<sup class=\"mkdf-pt-value\" >\u20ac<\/sup>\n\t\t\t\t<span class=\"mkdf-pt-price\" >od 150<\/span>\n\t\t\t\t<p class=\"mkdf-pt-mark\" style=\"color: #b5a46d\">na no\u010d<\/p>\n\t\t\t<\/li>\n\t\t\t<li class=\"mkdf-pt-content\">\n\t\t\t\t\n<ul>\n<li>No\u010ditev za dve osebi v sobi z balkonom<\/li>\n<li>Vklju\u010den bogat prekmurski zajtrk.<\/li>\n<li>Sve\u017ea posteljnina in brisa\u010de.<\/li>\n<li>Kozmetika L&#8217;Occitane<\/li>\n<li>Zasebna savna.<\/li>\n<li>Balkon in terasa.<\/li>\n<li>Brezpla\u010den WI-FI in televizija.<\/li>\n<li>Klimatska naprava.<\/li>\n<li>Mini bar in oprema za pripravo kave in \u010daja.<\/li>\n<li>DOPLA\u010cILO za turisti\u010dno takso 2\u20ac na osebo na dan.<\/li>\n<li>Minimalno 2 no\u010ditvi.<\/li>\n<\/ul>\n\t\t\t<\/li>\n\t\t\t\t\t<\/ul>\n\t<\/div>\n<\/div><div class=\"mkdf-price-table mkdf-item-space  \">\n\t<div class=\"mkdf-pt-inner\" >\n\t\t<ul>\n\t\t\t<li class=\"mkdf-pt-title-holder\" style=\"background-color: #f9f4ec\">\n\t\t\t\t<span class=\"mkdf-pt-title\" style=\"color: #000000\">Suita<\/span>\n\t\t\t<\/li>\n\t\t\t<li class=\"mkdf-pt-prices\">\n\t\t\t\t<sup class=\"mkdf-pt-value\" >\u20ac<\/sup>\n\t\t\t\t<span class=\"mkdf-pt-price\" >od 170<\/span>\n\t\t\t\t<p class=\"mkdf-pt-mark\" style=\"color: #b5a46d\">na no\u010d<\/p>\n\t\t\t<\/li>\n\t\t\t<li class=\"mkdf-pt-content\">\n\t\t\t\t\n<ul>\n<li>No\u010ditev za dve osebi v suiti.<\/li>\n<li>Mo\u017enost dodatnega le\u017ei\u0161\u010da za dve osebi (dopla\u010dilo)<\/li>\n<li>Vklju\u010den bogat prekmurski zajtrk.<\/li>\n<li>Sve\u017ea posteljnina in brisa\u010de.<\/li>\n<li>Kozmetika L&#8217;Occitane<\/li>\n<li>Zasebna savna.<\/li>\n<li>Balkon in terasa.<\/li>\n<li>Brezpla\u010den WI-FI in televizija.<\/li>\n<li>Klimatska naprava.<\/li>\n<li>Mini bar in oprema za pripravo kave in \u010daja.<\/li>\n<li>DOPLA\u010cILO za turisti\u010dno takso 2\u20ac na osebo na dan.<\/li>\n<li>Minimalno 2 no\u010ditvi.<\/li>\n<\/ul>\n\t\t\t<\/li>\n\t\t\t\t\t<\/ul>\n\t<\/div>\n<\/div><\/div><\/div>[vc_raw_html css=&#8221;&#8221;]JTNDc2NyaXB0JTIwc3JjJTNEJTIyJTJGJTJGd3d3LmJlbnRyYWwuY29tJTJGc2VydmljZSUyRmVtYmVkJTJGYm9va2luZy5qcyUzRmlkJTNENWY2YTRkN2E0ZDQxNWY0ZCUyNndpZHRoJTNEZnVsbCUyNnBvd2VyZWRieSUzRDAlMjZsYW5nJTNEc2wlMjZrZXklM0RkMzg3NWE3NTNhYjViYjk5NTNjM2RlMWQ5Zjg2ODllYSUyMiUzRSUzQyUyRnNjcmlwdCUzRQ==[\/vc_raw_html][\/vc_column][\/vc_row][vc_row row_content_width=&#8221;grid&#8221; css=&#8221;.vc_custom_1543920249799{padding-top: 160px !important;padding-bottom: 160px !important;}&#8221;][vc_column width=&#8221;8\/12&#8243;]<div class=\"mkdf-elements-holder   mkdf-one-column  mkdf-responsive-mode-768 \" ><div class=\"mkdf-eh-item    \"  data-item-class=\"mkdf-eh-custom-4367\" data-1025-1366=\"0px 0px 0px 187px\" data-769-1024=\"0px 0px 0px 68px\" data-681-768=\"0px 0px 0px 0px\" data-680=\"0px 0px 0px 0px\">\n\t<div class=\"mkdf-eh-item-inner\">\n\t\t<div class=\"mkdf-eh-item-content mkdf-eh-custom-4367\" style=\"padding: 0px 0px 0px 222px\">\n\t\t\t<div class=\"mkdf-section-title-holder  mkdf-st-standard mkdf-st-title-left mkdf-st-normal-space mkdf-st-disable-title-break\" >\n\t<div class=\"mkdf-st-inner\">\n\t\t\t\t\t<span class=\"mkdf-st-subtitle\" >\n\t\t\t\tZajtrk\t\t\t<\/span>\n\t\t\t\t\t\t\t<h2 class=\"mkdf-st-title\" >\n\t\t\t\tRazvajali vas bomo z bogatim prekmurskim<br \/> zajtrkom\t\t\t<\/h2>\n\t\t\t\t\t\t\t<h4 class=\"mkdf-st-text\" >\n\t\t\t\tZa dobro jutro vas bo pri\u010dakala bogato oblo\u017eena miza, na kateri boste na\u0161li doma\u010de mesnine iz kmetije Puhan, doma\u010de marmelade, maslo, jogurte, doma\u010de sokove in seveda \u010daj in di\u0161e\u010do kavico.\t\t\t<\/h4>\n\t\t\t<\/div>\n<\/div>\t\t<\/div>\n\t<\/div>\n<\/div><\/div>[\/vc_column][vc_column width=&#8221;4\/12&#8243;]<div class=\"mkdf-elements-holder   mkdf-one-column  mkdf-responsive-mode-768 \" ><div class=\"mkdf-eh-item    \"  data-item-class=\"mkdf-eh-custom-8370\" data-680=\"60px 0px 0px 0px\">\n\t<div class=\"mkdf-eh-item-inner\">\n\t\t<div class=\"mkdf-eh-item-content mkdf-eh-custom-8370\" style=\"padding: 15px 0px 0px 0px\">\n\t\t\t<div class=\"mkdf-single-image-holder    \">\n    <div class=\"mkdf-si-inner\" >\n                                    <img loading=\"lazy\" decoding=\"async\" width=\"295\" height=\"350\" src=\"https:\/\/turizempuhan.si\/wp-content\/uploads\/2026\/02\/puhan-soba-prekmurje-spalnica-savna-bogojina-zajtrk.jpg\" class=\"attachment-full size-full\" alt=\"\" srcset=\"https:\/\/turizempuhan.si\/wp-content\/uploads\/2026\/02\/puhan-soba-prekmurje-spalnica-savna-bogojina-zajtrk.jpg 295w, https:\/\/turizempuhan.si\/wp-content\/uploads\/2026\/02\/puhan-soba-prekmurje-spalnica-savna-bogojina-zajtrk-253x300.jpg 253w\" sizes=\"auto, (max-width: 295px) 100vw, 295px\" \/>                        <\/div>\n<\/div>\t\t<\/div>\n\t<\/div>\n<\/div><\/div>[\/vc_column][\/vc_row][vc_row][vc_column]<div class=\"mkdf-image-gallery  mkdf-ig-carousel-type mkdf-three-columns mkdf-tiny-space    \">\n\t<div class=\"mkdf-ig-slider mkdf-owl-slider\" data-number-of-items=\"5\" data-enable-loop=\"yes\" data-enable-autoplay=\"yes\" data-slider-speed=\"3000\" data-slider-speed-animation=\"400\" data-slider-padding=\"no\" data-enable-navigation=\"no\" data-enable-pagination=\"no\">\n\t\t\t\t\t<div class=\"mkdf-ig-image\">\n\t\t\t\t\t\t\t\t\t<img loading=\"lazy\" decoding=\"async\" width=\"800\" height=\"1256\" src=\"https:\/\/turizempuhan.si\/wp-content\/uploads\/2026\/02\/puhan-soba-prekmurje-spalnica-savna-bogojina-2.jpg\" class=\"attachment-full size-full\" alt=\"\" srcset=\"https:\/\/turizempuhan.si\/wp-content\/uploads\/2026\/02\/puhan-soba-prekmurje-spalnica-savna-bogojina-2.jpg 800w, https:\/\/turizempuhan.si\/wp-content\/uploads\/2026\/02\/puhan-soba-prekmurje-spalnica-savna-bogojina-2-191x300.jpg 191w, https:\/\/turizempuhan.si\/wp-content\/uploads\/2026\/02\/puhan-soba-prekmurje-spalnica-savna-bogojina-2-652x1024.jpg 652w, https:\/\/turizempuhan.si\/wp-content\/uploads\/2026\/02\/puhan-soba-prekmurje-spalnica-savna-bogojina-2-768x1206.jpg 768w, https:\/\/turizempuhan.si\/wp-content\/uploads\/2026\/02\/puhan-soba-prekmurje-spalnica-savna-bogojina-2-600x942.jpg 600w\" sizes=\"auto, (max-width: 800px) 100vw, 800px\" \/>\t\t\t\t\t\t\t<\/div>\n\t\t\t\t\t<div class=\"mkdf-ig-image\">\n\t\t\t\t\t\t\t\t\t<img loading=\"lazy\" decoding=\"async\" width=\"800\" height=\"1256\" src=\"https:\/\/turizempuhan.si\/wp-content\/uploads\/2026\/02\/puhan-soba-prekmurje-spalnica-savna-bogojina-8.jpg\" class=\"attachment-full size-full\" alt=\"\" srcset=\"https:\/\/turizempuhan.si\/wp-content\/uploads\/2026\/02\/puhan-soba-prekmurje-spalnica-savna-bogojina-8.jpg 800w, https:\/\/turizempuhan.si\/wp-content\/uploads\/2026\/02\/puhan-soba-prekmurje-spalnica-savna-bogojina-8-191x300.jpg 191w, https:\/\/turizempuhan.si\/wp-content\/uploads\/2026\/02\/puhan-soba-prekmurje-spalnica-savna-bogojina-8-652x1024.jpg 652w, https:\/\/turizempuhan.si\/wp-content\/uploads\/2026\/02\/puhan-soba-prekmurje-spalnica-savna-bogojina-8-768x1206.jpg 768w, https:\/\/turizempuhan.si\/wp-content\/uploads\/2026\/02\/puhan-soba-prekmurje-spalnica-savna-bogojina-8-600x942.jpg 600w\" sizes=\"auto, (max-width: 800px) 100vw, 800px\" \/>\t\t\t\t\t\t\t<\/div>\n\t\t\t\t\t<div class=\"mkdf-ig-image\">\n\t\t\t\t\t\t\t\t\t<img loading=\"lazy\" decoding=\"async\" width=\"800\" height=\"1256\" src=\"https:\/\/turizempuhan.si\/wp-content\/uploads\/2026\/02\/puhan-soba-prekmurje-spalnica-savna-bogojina-7.jpg\" class=\"attachment-full size-full\" alt=\"\" srcset=\"https:\/\/turizempuhan.si\/wp-content\/uploads\/2026\/02\/puhan-soba-prekmurje-spalnica-savna-bogojina-7.jpg 800w, https:\/\/turizempuhan.si\/wp-content\/uploads\/2026\/02\/puhan-soba-prekmurje-spalnica-savna-bogojina-7-191x300.jpg 191w, https:\/\/turizempuhan.si\/wp-content\/uploads\/2026\/02\/puhan-soba-prekmurje-spalnica-savna-bogojina-7-652x1024.jpg 652w, https:\/\/turizempuhan.si\/wp-content\/uploads\/2026\/02\/puhan-soba-prekmurje-spalnica-savna-bogojina-7-768x1206.jpg 768w, https:\/\/turizempuhan.si\/wp-content\/uploads\/2026\/02\/puhan-soba-prekmurje-spalnica-savna-bogojina-7-600x942.jpg 600w\" sizes=\"auto, (max-width: 800px) 100vw, 800px\" \/>\t\t\t\t\t\t\t<\/div>\n\t\t\t\t\t<div class=\"mkdf-ig-image\">\n\t\t\t\t\t\t\t\t\t<img loading=\"lazy\" decoding=\"async\" width=\"800\" height=\"1256\" src=\"https:\/\/turizempuhan.si\/wp-content\/uploads\/2026\/02\/puhan-soba-prekmurje-spalnica-savna-bogojina-1.jpg\" class=\"attachment-full size-full\" alt=\"\" srcset=\"https:\/\/turizempuhan.si\/wp-content\/uploads\/2026\/02\/puhan-soba-prekmurje-spalnica-savna-bogojina-1.jpg 800w, https:\/\/turizempuhan.si\/wp-content\/uploads\/2026\/02\/puhan-soba-prekmurje-spalnica-savna-bogojina-1-191x300.jpg 191w, https:\/\/turizempuhan.si\/wp-content\/uploads\/2026\/02\/puhan-soba-prekmurje-spalnica-savna-bogojina-1-652x1024.jpg 652w, https:\/\/turizempuhan.si\/wp-content\/uploads\/2026\/02\/puhan-soba-prekmurje-spalnica-savna-bogojina-1-768x1206.jpg 768w, https:\/\/turizempuhan.si\/wp-content\/uploads\/2026\/02\/puhan-soba-prekmurje-spalnica-savna-bogojina-1-600x942.jpg 600w\" sizes=\"auto, (max-width: 800px) 100vw, 800px\" \/>\t\t\t\t\t\t\t<\/div>\n\t\t\t\t\t<div class=\"mkdf-ig-image\">\n\t\t\t\t\t\t\t\t\t<img loading=\"lazy\" decoding=\"async\" width=\"800\" height=\"1256\" src=\"https:\/\/turizempuhan.si\/wp-content\/uploads\/2026\/02\/puhan-soba-prekmurje-spalnica-savna-bogojina-5.jpg\" class=\"attachment-full size-full\" alt=\"\" srcset=\"https:\/\/turizempuhan.si\/wp-content\/uploads\/2026\/02\/puhan-soba-prekmurje-spalnica-savna-bogojina-5.jpg 800w, https:\/\/turizempuhan.si\/wp-content\/uploads\/2026\/02\/puhan-soba-prekmurje-spalnica-savna-bogojina-5-191x300.jpg 191w, https:\/\/turizempuhan.si\/wp-content\/uploads\/2026\/02\/puhan-soba-prekmurje-spalnica-savna-bogojina-5-652x1024.jpg 652w, https:\/\/turizempuhan.si\/wp-content\/uploads\/2026\/02\/puhan-soba-prekmurje-spalnica-savna-bogojina-5-768x1206.jpg 768w, https:\/\/turizempuhan.si\/wp-content\/uploads\/2026\/02\/puhan-soba-prekmurje-spalnica-savna-bogojina-5-600x942.jpg 600w\" sizes=\"auto, (max-width: 800px) 100vw, 800px\" \/>\t\t\t\t\t\t\t<\/div>\n\t\t\t\t\t<div class=\"mkdf-ig-image\">\n\t\t\t\t\t\t\t\t\t<img loading=\"lazy\" decoding=\"async\" width=\"800\" height=\"1256\" src=\"https:\/\/turizempuhan.si\/wp-content\/uploads\/2026\/02\/puhan-soba-prekmurje-spalnica-savna-bogojina-3.jpg\" class=\"attachment-full size-full\" alt=\"\" srcset=\"https:\/\/turizempuhan.si\/wp-content\/uploads\/2026\/02\/puhan-soba-prekmurje-spalnica-savna-bogojina-3.jpg 800w, https:\/\/turizempuhan.si\/wp-content\/uploads\/2026\/02\/puhan-soba-prekmurje-spalnica-savna-bogojina-3-191x300.jpg 191w, https:\/\/turizempuhan.si\/wp-content\/uploads\/2026\/02\/puhan-soba-prekmurje-spalnica-savna-bogojina-3-652x1024.jpg 652w, https:\/\/turizempuhan.si\/wp-content\/uploads\/2026\/02\/puhan-soba-prekmurje-spalnica-savna-bogojina-3-768x1206.jpg 768w, https:\/\/turizempuhan.si\/wp-content\/uploads\/2026\/02\/puhan-soba-prekmurje-spalnica-savna-bogojina-3-600x942.jpg 600w\" sizes=\"auto, (max-width: 800px) 100vw, 800px\" \/>\t\t\t\t\t\t\t<\/div>\n\t\t\t\t\t<div class=\"mkdf-ig-image\">\n\t\t\t\t\t\t\t\t\t<img loading=\"lazy\" decoding=\"async\" width=\"800\" height=\"1256\" src=\"https:\/\/turizempuhan.si\/wp-content\/uploads\/2026\/02\/puhan-soba-prekmurje-spalnica-savna-bogojina-6.jpg\" class=\"attachment-full size-full\" alt=\"\" srcset=\"https:\/\/turizempuhan.si\/wp-content\/uploads\/2026\/02\/puhan-soba-prekmurje-spalnica-savna-bogojina-6.jpg 800w, https:\/\/turizempuhan.si\/wp-content\/uploads\/2026\/02\/puhan-soba-prekmurje-spalnica-savna-bogojina-6-191x300.jpg 191w, https:\/\/turizempuhan.si\/wp-content\/uploads\/2026\/02\/puhan-soba-prekmurje-spalnica-savna-bogojina-6-652x1024.jpg 652w, https:\/\/turizempuhan.si\/wp-content\/uploads\/2026\/02\/puhan-soba-prekmurje-spalnica-savna-bogojina-6-768x1206.jpg 768w, https:\/\/turizempuhan.si\/wp-content\/uploads\/2026\/02\/puhan-soba-prekmurje-spalnica-savna-bogojina-6-600x942.jpg 600w\" sizes=\"auto, (max-width: 800px) 100vw, 800px\" \/>\t\t\t\t\t\t\t<\/div>\n\t\t\t\t\t<div class=\"mkdf-ig-image\">\n\t\t\t\t\t\t\t\t\t<img loading=\"lazy\" decoding=\"async\" width=\"800\" height=\"1256\" src=\"https:\/\/turizempuhan.si\/wp-content\/uploads\/2026\/02\/puhan-soba-prekmurje-spalnica-savna-bogojina-4.jpg\" class=\"attachment-full size-full\" alt=\"\" srcset=\"https:\/\/turizempuhan.si\/wp-content\/uploads\/2026\/02\/puhan-soba-prekmurje-spalnica-savna-bogojina-4.jpg 800w, https:\/\/turizempuhan.si\/wp-content\/uploads\/2026\/02\/puhan-soba-prekmurje-spalnica-savna-bogojina-4-191x300.jpg 191w, https:\/\/turizempuhan.si\/wp-content\/uploads\/2026\/02\/puhan-soba-prekmurje-spalnica-savna-bogojina-4-652x1024.jpg 652w, https:\/\/turizempuhan.si\/wp-content\/uploads\/2026\/02\/puhan-soba-prekmurje-spalnica-savna-bogojina-4-768x1206.jpg 768w, https:\/\/turizempuhan.si\/wp-content\/uploads\/2026\/02\/puhan-soba-prekmurje-spalnica-savna-bogojina-4-600x942.jpg 600w\" sizes=\"auto, (max-width: 800px) 100vw, 800px\" \/>\t\t\t\t\t\t\t<\/div>\n\t\t\t<\/div>\n<\/div>[\/vc_column][\/vc_row][vc_row row_content_width=&#8221;grid&#8221; disable_background_image=&#8221;&#8221; content_text_aligment=&#8221;center&#8221; simple_background_image=&#8221;3043&#8243;][vc_column offset=&#8221;vc_col-lg-offset-2 vc_col-lg-8 vc_col-md-offset-1 vc_col-md-10 vc_col-sm-offset-0 vc_col-xs-12&#8243;]<div class=\"mkdf-elements-holder   mkdf-one-column  mkdf-responsive-mode-768 \" ><div class=\"mkdf-eh-item    \"  data-item-class=\"mkdf-eh-custom-9394\">\n\t<div class=\"mkdf-eh-item-inner\">\n\t\t<div class=\"mkdf-eh-item-content mkdf-eh-custom-9394\" style=\"padding: 20px 0px 150px 0px\">\n\t\t\t[vc_empty_space height=&#8221;37px&#8221;][vc_column_text]<\/p>\n<h1 style=\"text-align: center;\">Veseli bomo va\u0161ega obiska!<\/h1>\n<p>[\/vc_column_text]\t\t<\/div>\n\t<\/div>\n<\/div><\/div>[\/vc_column][\/vc_row]<\/p>\n<\/div>","protected":false},"excerpt":{"rendered":"<p>[vc_row row_content_width=&#8221;grid&#8221; css=&#8221;.vc_custom_1543488996481{padding-top: 150px !important;padding-bottom: 148px !important;}&#8221;][vc_column offset=&#8221;vc_col-lg-offset-2 vc_col-lg-8 vc_col-md-offset-1 vc_col-md-10 vc_col-sm-offset-0 vc_col-xs-12&#8243;][\/vc_column][\/vc_row][vc_row content_text_aligment=&#8221;right&#8221;][vc_column][\/vc_column][\/vc_row][vc_row row_content_width=&#8221;grid&#8221; css=&#8221;.vc_custom_1543920249799{padding-top: 160px !important;padding-bottom: 160px !important;}&#8221;][vc_column width=&#8221;8\/12&#8243;][\/vc_column][vc_column width=&#8221;4\/12&#8243;][\/vc_column][\/vc_row][vc_row row_content_width=&#8221;grid&#8221; css=&#8221;.vc_custom_1547718323828{padding-bottom: 82px !important;}&#8221;][vc_column][vc_raw_html css=&#8221;&#8221;]JTNDc2NyaXB0JTIwc3JjJTNEJTIyJTJGJTJGd3d3LmJlbnRyYWwuY29tJTJGc2VydmljZSUyRmVtYmVkJTJGYm9va2luZy5qcyUzRmlkJTNENWY2YTRkN2E0ZDQxNWY0ZCUyNndpZHRoJTNEZnVsbCUyNnBvd2VyZWRieSUzRDAlMjZsYW5nJTNEc2wlMjZrZXklM0RkMzg3NWE3NTNhYjViYjk5NTNjM2RlMWQ5Zjg2ODllYSUyMiUzRSUzQyUyRnNjcmlwdCUzRQ==[\/vc_raw_html][\/vc_column][\/vc_row][vc_row row_content_width=&#8221;grid&#8221; css=&#8221;.vc_custom_1543920249799{padding-top: 160px !important;padding-bottom: 160px !important;}&#8221;][vc_column width=&#8221;8\/12&#8243;][\/vc_column][vc_column width=&#8221;4\/12&#8243;][\/vc_column][\/vc_row][vc_row][vc_column][\/vc_column][\/vc_row][vc_row row_content_width=&#8221;grid&#8221; disable_background_image=&#8221;&#8221; content_text_aligment=&#8221;center&#8221; simple_background_image=&#8221;3043&#8243;][vc_column offset=&#8221;vc_col-lg-offset-2 vc_col-lg-8 vc_col-md-offset-1 vc_col-md-10 vc_col-sm-offset-0 vc_col-xs-12&#8243;][\/vc_column][\/vc_row]<\/p>\n","protected":false},"author":1,"featured_media":0,"parent":0,"menu_order":0,"comment_status":"closed","ping_status":"closed","template":"","meta":{"footnotes":""},"class_list":["post-516","page","type-page","status-publish","hentry"],"jetpack_sharing_enabled":true,"_links":{"self":[{"href":"https:\/\/turizempuhan.si\/index.php?rest_route=\/wp\/v2\/pages\/516","targetHints":{"allow":["GET"]}}],"collection":[{"href":"https:\/\/turizempuhan.si\/index.php?rest_route=\/wp\/v2\/pages"}],"about":[{"href":"https:\/\/turizempuhan.si\/index.php?rest_route=\/wp\/v2\/types\/page"}],"author":[{"embeddable":true,"href":"https:\/\/turizempuhan.si\/index.php?rest_route=\/wp\/v2\/users\/1"}],"replies":[{"embeddable":true,"href":"https:\/\/turizempuhan.si\/index.php?rest_route=%2Fwp%2Fv2%2Fcomments&post=516"}],"version-history":[{"count":29,"href":"https:\/\/turizempuhan.si\/index.php?rest_route=\/wp\/v2\/pages\/516\/revisions"}],"predecessor-version":[{"id":4762,"href":"https:\/\/turizempuhan.si\/index.php?rest_route=\/wp\/v2\/pages\/516\/revisions\/4762"}],"wp:attachment":[{"href":"https:\/\/turizempuhan.si\/index.php?rest_route=%2Fwp%2Fv2%2Fmedia&parent=516"}],"curies":[{"name":"wp","href":"https:\/\/api.w.org\/{rel}","templated":true}]}}