{"id":1165,"date":"2018-12-11T10:50:56","date_gmt":"2018-12-11T10:50:56","guid":{"rendered":"https:\/\/thelma.mikado-themes.com\/?post_type=product&#038;p=1165"},"modified":"2025-10-26T18:32:20","modified_gmt":"2025-10-26T18:32:20","slug":"traminec21","status":"publish","type":"product","link":"https:\/\/turizempuhan.si\/?product=traminec21","title":{"rendered":"Traminec 2024"},"content":{"rendered":"<p><strong>&#8220;BOGATO IN CVETLI\u010cNO&#8221;<\/strong><\/p>\n<p>Zlato rumena barva je odraz zrelosti grozdja. Zlahka zaznamo prefinjene sortne zna\u010dilnosti z vonji<br \/>\npo dehte\u010dih vrtnicah. In \u0161e ve\u010d! Razkrije se bujna in kompleksna aromatika. Tokrat je v ustih malo<br \/>\nve\u010d sladkosti, zato jo takoj okusimo, a se pitnost vseeno ohrani. Prav tak\u0161en je bil na\u0161 namen.<\/p>\n<p style=\"text-align: left;\">\u22c5 Alkohol: 13,0 vol. %<br \/>\n\u22c5 Sladkorna stopnja: polsladko<br \/>\n\u22c5 Reducirajo\u010di sladkor: 20,7 g\/l<br \/>\n\u22c5 pH: 3,31<br \/>\n\u22c5 Skupne kisline: 6,58 g\/l<\/p>\n<p style=\"text-align: left;\">\u22c5 Sorta: traminec<br \/>\n\u22c5 Vinograd: Karpati Bogojina<br \/>\n\u22c5 Vzgojna oblika: dvojni guyot<br \/>\n\u22c5 Tla: pe\u0161\u010dena ilovica<br \/>\n\u22c5 Vinifikacija: hladna maceracija 8 ur, kontrolirana fermentacija, 7 mesecev zorenja v inox sodu.<\/p>\n","protected":false},"excerpt":{"rendered":"<p>&#8220;BOGATO IN CVETLI\u010cNO&#8221;<\/p>\n<p>Aromati\u010dno in polsladko belo vino sorte traminec.<\/p>\n","protected":false},"featured_media":4309,"template":"","meta":[],"product_cat":[51],"product_tag":[74,75,73],"class_list":{"0":"post-1165","1":"product","2":"type-product","3":"status-publish","4":"has-post-thumbnail","6":"product_cat-belo","7":"product_tag-polsladko","8":"product_tag-prekmurje","9":"product_tag-traminec","11":"first","12":"instock","13":"shipping-taxable","14":"purchasable","15":"product-type-simple"},"jetpack_sharing_enabled":true,"_links":{"self":[{"href":"https:\/\/turizempuhan.si\/index.php?rest_route=\/wp\/v2\/product\/1165","targetHints":{"allow":["GET"]}}],"collection":[{"href":"https:\/\/turizempuhan.si\/index.php?rest_route=\/wp\/v2\/product"}],"about":[{"href":"https:\/\/turizempuhan.si\/index.php?rest_route=\/wp\/v2\/types\/product"}],"wp:featuredmedia":[{"embeddable":true,"href":"https:\/\/turizempuhan.si\/index.php?rest_route=\/wp\/v2\/media\/4309"}],"wp:attachment":[{"href":"https:\/\/turizempuhan.si\/index.php?rest_route=%2Fwp%2Fv2%2Fmedia&parent=1165"}],"wp:term":[{"taxonomy":"product_cat","embeddable":true,"href":"https:\/\/turizempuhan.si\/index.php?rest_route=%2Fwp%2Fv2%2Fproduct_cat&post=1165"},{"taxonomy":"product_tag","embeddable":true,"href":"https:\/\/turizempuhan.si\/index.php?rest_route=%2Fwp%2Fv2%2Fproduct_tag&post=1165"}],"curies":[{"name":"wp","href":"https:\/\/api.w.org\/{rel}","templated":true}]}}