{"id":1171,"date":"2018-12-11T11:01:56","date_gmt":"2018-12-11T11:01:56","guid":{"rendered":"https:\/\/thelma.mikado-themes.com\/?post_type=product&#038;p=1171"},"modified":"2023-10-06T05:16:00","modified_gmt":"2023-10-06T05:16:00","slug":"bucnoolje1l","status":"publish","type":"product","link":"https:\/\/turizempuhan.si\/?product=bucnoolje1l","title":{"rendered":"Bu\u010dno olje 1L"},"content":{"rendered":"<p>Bu\u010dno olje je pridelano po tradicionalnem postopku s stiskanjem mletih in pra\u017eenih bu\u010dnih semen.<\/p>\n<p>Hraniti v temnem prostoru na sobni temperaturi.<\/p>\n<p>Katarina Puhan &#8211; nosilka dopolnilne dejavnosti na kmetiji, Bogojina 311, 9222 Bogojina<\/p>\n","protected":false},"excerpt":{"rendered":"<p>100% Bu\u010dno olje<\/p>\n","protected":false},"featured_media":4399,"template":"","meta":[],"product_cat":[58],"product_tag":[90,75],"class_list":{"0":"post-1171","1":"product","2":"type-product","3":"status-publish","4":"has-post-thumbnail","6":"product_cat-bucno-olje","7":"product_tag-bucno-olje","8":"product_tag-prekmurje","10":"first","11":"instock","12":"shipping-taxable","13":"purchasable","14":"product-type-simple"},"jetpack_sharing_enabled":true,"_links":{"self":[{"href":"https:\/\/turizempuhan.si\/index.php?rest_route=\/wp\/v2\/product\/1171","targetHints":{"allow":["GET"]}}],"collection":[{"href":"https:\/\/turizempuhan.si\/index.php?rest_route=\/wp\/v2\/product"}],"about":[{"href":"https:\/\/turizempuhan.si\/index.php?rest_route=\/wp\/v2\/types\/product"}],"wp:featuredmedia":[{"embeddable":true,"href":"https:\/\/turizempuhan.si\/index.php?rest_route=\/wp\/v2\/media\/4399"}],"wp:attachment":[{"href":"https:\/\/turizempuhan.si\/index.php?rest_route=%2Fwp%2Fv2%2Fmedia&parent=1171"}],"wp:term":[{"taxonomy":"product_cat","embeddable":true,"href":"https:\/\/turizempuhan.si\/index.php?rest_route=%2Fwp%2Fv2%2Fproduct_cat&post=1171"},{"taxonomy":"product_tag","embeddable":true,"href":"https:\/\/turizempuhan.si\/index.php?rest_route=%2Fwp%2Fv2%2Fproduct_tag&post=1171"}],"curies":[{"name":"wp","href":"https:\/\/api.w.org\/{rel}","templated":true}]}}