{"id":4392,"date":"2020-11-11T18:17:31","date_gmt":"2020-11-11T18:17:31","guid":{"rendered":"http:\/\/test3.turizempuhan.si\/?post_type=product&#038;p=4392"},"modified":"2025-10-26T18:31:36","modified_gmt":"2025-10-26T18:31:36","slug":"rumeni-muskat","status":"publish","type":"product","link":"https:\/\/turizempuhan.si\/?product=rumeni-muskat","title":{"rendered":"Rumeni mu\u0161kat 2023"},"content":{"rendered":"<p><strong>&#8220;DI\u0160E\u010cE IN INTENZIVNO&#8221;<\/strong><\/p>\n<p>Mladostni, rumenkasti barvi, v vonju sledi sve\u017ea, poudarjena in hkrati prefinjena sortna aroma<br \/>\nmu\u0161kata, ki kar sko\u010di iz kozarca. Razmerje med kislostjo in sladkostjo, da majhno prednost slednji.<br \/>\nSrednja polnost v okusu je pri\u010dakovana zna\u010dilnost. Mu\u0161kat, kakr\u0161en mora biti!<\/p>\n<p style=\"text-align: left;\">\u22c5 Alkohol: 13,5 vol. %<br \/>\n\u22c5 Sladkorna stopnja: polsuho<br \/>\n\u22c5 Reducirajo\u010di sladkor: 11,8 g\/l<br \/>\n\u22c5 pH: 3,34<br \/>\n\u22c5 Skupne kisline: 6,16 g\/l<\/p>\n<p style=\"text-align: left;\">\u22c5 Sorta: rumeni mu\u0161kat<br \/>\n\u22c5 Vinograd: Vr\u0161i\u010d Bogojina<br \/>\n\u22c5 Vzgojna oblika: enojni guyot<br \/>\n\u22c5 Tla: pe\u0161\u010dena ilovica<br \/>\n\u22c5 Vinifikacija: kontrolirana fermentacija, 7 mesecev zorenja v inox sodu.<\/p>\n","protected":false},"excerpt":{"rendered":"<p>&#8220;DI\u0160E\u010cE IN INTENZIVNO&#8221;<\/p>\n<p>Aromati\u010dno polsuho belo vino sorte rumeni mu\u0161kat!<\/p>\n","protected":false},"featured_media":4307,"template":"","meta":[],"product_cat":[51],"product_tag":[80,101,75,100],"class_list":{"0":"post-4392","1":"product","2":"type-product","3":"status-publish","4":"has-post-thumbnail","6":"product_cat-belo","7":"product_tag-aromaticno","8":"product_tag-polsuho","9":"product_tag-prekmurje","10":"product_tag-rumeni-muskat","12":"first","13":"instock","14":"shipping-taxable","15":"purchasable","16":"product-type-simple"},"jetpack_sharing_enabled":true,"_links":{"self":[{"href":"https:\/\/turizempuhan.si\/index.php?rest_route=\/wp\/v2\/product\/4392","targetHints":{"allow":["GET"]}}],"collection":[{"href":"https:\/\/turizempuhan.si\/index.php?rest_route=\/wp\/v2\/product"}],"about":[{"href":"https:\/\/turizempuhan.si\/index.php?rest_route=\/wp\/v2\/types\/product"}],"wp:featuredmedia":[{"embeddable":true,"href":"https:\/\/turizempuhan.si\/index.php?rest_route=\/wp\/v2\/media\/4307"}],"wp:attachment":[{"href":"https:\/\/turizempuhan.si\/index.php?rest_route=%2Fwp%2Fv2%2Fmedia&parent=4392"}],"wp:term":[{"taxonomy":"product_cat","embeddable":true,"href":"https:\/\/turizempuhan.si\/index.php?rest_route=%2Fwp%2Fv2%2Fproduct_cat&post=4392"},{"taxonomy":"product_tag","embeddable":true,"href":"https:\/\/turizempuhan.si\/index.php?rest_route=%2Fwp%2Fv2%2Fproduct_tag&post=4392"}],"curies":[{"name":"wp","href":"https:\/\/api.w.org\/{rel}","templated":true}]}}