{"id":4393,"date":"2020-11-11T18:18:47","date_gmt":"2020-11-11T18:18:47","guid":{"rendered":"http:\/\/test3.turizempuhan.si\/?post_type=product&#038;p=4393"},"modified":"2024-01-11T18:39:38","modified_gmt":"2024-01-11T18:39:38","slug":"modri-pinot-2021","status":"publish","type":"product","link":"https:\/\/turizempuhan.si\/?product=modri-pinot-2021","title":{"rendered":"Modri pinot 2021"},"content":{"rendered":"<p><strong>&#8220;PLEMENITO IN NE\u017dNO&#8221;<\/strong><\/p>\n<p>Srednje temna, ope\u010dnata barva, je za modrega tipi\u010dna. Vonjalni spekter je prefinjen, srednje<br \/>\nintenzitete in se po\u010dasi razpre, odkrivajo\u010d pahlja\u010do sadno cvetnih in za\u010dimbnih zaznav: vkuhano<br \/>\nsadje, nagelj, \u017ebice. Okus je srednje poln, mil, z le malo trpkosti, kar je vse v skladju z zna\u010dilnostmi<br \/>\nsorte.<\/p>\n<p style=\"text-align: left;\">\u22c5 Alkohol: 12,0 vol. %<br \/>\n\u22c5 Sladkorna stopnja: suho<br \/>\n\u22c5 Reducirajo\u010di sladkor: 1,2 g\/l<br \/>\n\u22c5 pH: 3,4<br \/>\n\u22c5 Skupne kisline: 6,17 g\/l<\/p>\n<p style=\"text-align: left;\">\u22c5 Sorta: Modri Pinot<br \/>\n\u22c5 Vinograd: Vr\u0161i\u010d Bogojina<br \/>\n\u22c5 Vzgojna oblika: enojni guyot<br \/>\n\u22c5 Tla: pe\u0161\u010dena ilovica<br \/>\n\u22c5 Vinifikacija: 10 dni tople maceracije z ro\u010dnim potaplanjem klobuka, delno zorjeno v rabljenih hrastovih sodih.<\/p>\n","protected":false},"excerpt":{"rendered":"<p>&#8220;PLEMENITO IN NE\u017dNO&#8221;<\/p>\n<p>Modri pinot 2021. Suho rde\u010de vino.<\/p>\n","protected":false},"featured_media":4305,"template":"","meta":[],"product_cat":[56],"product_tag":[99,104,75,98,70],"class_list":{"0":"post-4393","1":"product","2":"type-product","3":"status-publish","4":"has-post-thumbnail","6":"product_cat-rdece","7":"product_tag-modri-pinot","8":"product_tag-pinot-noir","9":"product_tag-prekmurje","10":"product_tag-rdece","11":"product_tag-suho","13":"first","14":"outofstock","15":"shipping-taxable","16":"purchasable","17":"product-type-simple"},"jetpack_sharing_enabled":true,"_links":{"self":[{"href":"https:\/\/turizempuhan.si\/index.php?rest_route=\/wp\/v2\/product\/4393","targetHints":{"allow":["GET"]}}],"collection":[{"href":"https:\/\/turizempuhan.si\/index.php?rest_route=\/wp\/v2\/product"}],"about":[{"href":"https:\/\/turizempuhan.si\/index.php?rest_route=\/wp\/v2\/types\/product"}],"wp:featuredmedia":[{"embeddable":true,"href":"https:\/\/turizempuhan.si\/index.php?rest_route=\/wp\/v2\/media\/4305"}],"wp:attachment":[{"href":"https:\/\/turizempuhan.si\/index.php?rest_route=%2Fwp%2Fv2%2Fmedia&parent=4393"}],"wp:term":[{"taxonomy":"product_cat","embeddable":true,"href":"https:\/\/turizempuhan.si\/index.php?rest_route=%2Fwp%2Fv2%2Fproduct_cat&post=4393"},{"taxonomy":"product_tag","embeddable":true,"href":"https:\/\/turizempuhan.si\/index.php?rest_route=%2Fwp%2Fv2%2Fproduct_tag&post=4393"}],"curies":[{"name":"wp","href":"https:\/\/api.w.org\/{rel}","templated":true}]}}