{"id":4396,"date":"2020-11-11T18:27:33","date_gmt":"2020-11-11T18:27:33","guid":{"rendered":"http:\/\/test3.turizempuhan.si\/?post_type=product&#038;p=4396"},"modified":"2023-10-06T05:15:46","modified_gmt":"2023-10-06T05:15:46","slug":"bucno-olje-05l","status":"publish","type":"product","link":"https:\/\/turizempuhan.si\/?product=bucno-olje-05l","title":{"rendered":"Bu\u010dno olje 0,5L"},"content":{"rendered":"<p>Bu\u010dno olje je pridelano po tradicionalnem postopku s stiskanjem mletih in pra\u017eenih bu\u010dnih semen.<\/p>\n<p>Hraniti v temnem prostoru na sobni temperaturi.<\/p>\n<p>Katarina Puhan &#8211; nosilka dopolnilne dejavnosti na kmetiji, Bogojina 311, 9222 Bogojina<\/p>\n","protected":false},"excerpt":{"rendered":"<p>100% Bu\u010dno olje<\/p>\n","protected":false},"featured_media":4397,"template":"","meta":[],"product_cat":[58],"product_tag":[90,75],"class_list":{"0":"post-4396","1":"product","2":"type-product","3":"status-publish","4":"has-post-thumbnail","6":"product_cat-bucno-olje","7":"product_tag-bucno-olje","8":"product_tag-prekmurje","10":"first","11":"instock","12":"shipping-taxable","13":"purchasable","14":"product-type-simple"},"jetpack_sharing_enabled":true,"_links":{"self":[{"href":"https:\/\/turizempuhan.si\/index.php?rest_route=\/wp\/v2\/product\/4396","targetHints":{"allow":["GET"]}}],"collection":[{"href":"https:\/\/turizempuhan.si\/index.php?rest_route=\/wp\/v2\/product"}],"about":[{"href":"https:\/\/turizempuhan.si\/index.php?rest_route=\/wp\/v2\/types\/product"}],"wp:featuredmedia":[{"embeddable":true,"href":"https:\/\/turizempuhan.si\/index.php?rest_route=\/wp\/v2\/media\/4397"}],"wp:attachment":[{"href":"https:\/\/turizempuhan.si\/index.php?rest_route=%2Fwp%2Fv2%2Fmedia&parent=4396"}],"wp:term":[{"taxonomy":"product_cat","embeddable":true,"href":"https:\/\/turizempuhan.si\/index.php?rest_route=%2Fwp%2Fv2%2Fproduct_cat&post=4396"},{"taxonomy":"product_tag","embeddable":true,"href":"https:\/\/turizempuhan.si\/index.php?rest_route=%2Fwp%2Fv2%2Fproduct_tag&post=4396"}],"curies":[{"name":"wp","href":"https:\/\/api.w.org\/{rel}","templated":true}]}}