{"id":4435,"date":"2020-11-24T20:38:59","date_gmt":"2020-11-24T20:38:59","guid":{"rendered":"http:\/\/test3.turizempuhan.si\/?post_type=product&#038;p=4435"},"modified":"2024-01-11T18:40:23","modified_gmt":"2024-01-11T18:40:23","slug":"vrtni-catni-370ml","status":"publish","type":"product","link":"https:\/\/turizempuhan.si\/?product=vrtni-catni-370ml","title":{"rendered":"Vrtni \u010datni 314ml"},"content":{"rendered":"<p>Vrtni \u010datni &#8211; zelenjavna omaka, ki odli\u010dno spremlja meso na \u017earu.<\/p>\n<p>Sestavine: paprika, paradi\u017enik, \u010debula, \u010desen, jaj\u010devci, sol, poper, sladkor, voda, kis, olje, peter\u0161ilj,<em><strong> GOR\u010cI\u010cNA SEMENA.<\/strong><\/em><\/p>\n<p>Koli\u010dina: 314ml<\/p>\n<p>Hraniti v temnem in hladnem prostoru. Po odprtju hraniti v hladilniku in porabiti v nekaj dneh.<\/p>\n<p>Katarina Puhan &#8211; nosilka dopolnilne dejavnosti na kmetiji, Bogojina 311, 9222 Bogojina<\/p>\n","protected":false},"excerpt":{"rendered":"<p>Vrtni \u010datni &#8211; zelenjavna omaka, ki odli\u010dno spremlja meso na \u017earu. Sestavine: paprika, paradi\u017enik, \u010debula, \u010desen, jaj\u010devci, sol, poper, sladkor, voda, kis, olje, peter\u0161ilj, GOR\u010cI\u010cNA SEMENA. Koli\u010dina: 314ml Hraniti v temnem in hladnem prostoru. Po odprtju hraniti v hladilniku in porabiti v nekaj dneh. Katarina Puhan &#8211; nosilka dopolnilne dejavnosti na kmetiji, Bogojina 311, 9222 Bogojina<\/p>\n","protected":false},"featured_media":4473,"template":"","meta":[],"product_cat":[83],"product_tag":[84,86],"class_list":{"0":"post-4435","1":"product","2":"type-product","3":"status-publish","4":"has-post-thumbnail","6":"product_cat-delikatese","7":"product_tag-delikatese","8":"product_tag-zelenjava","10":"first","11":"outofstock","12":"shipping-taxable","13":"purchasable","14":"product-type-simple"},"jetpack_sharing_enabled":true,"_links":{"self":[{"href":"https:\/\/turizempuhan.si\/index.php?rest_route=\/wp\/v2\/product\/4435","targetHints":{"allow":["GET"]}}],"collection":[{"href":"https:\/\/turizempuhan.si\/index.php?rest_route=\/wp\/v2\/product"}],"about":[{"href":"https:\/\/turizempuhan.si\/index.php?rest_route=\/wp\/v2\/types\/product"}],"wp:featuredmedia":[{"embeddable":true,"href":"https:\/\/turizempuhan.si\/index.php?rest_route=\/wp\/v2\/media\/4473"}],"wp:attachment":[{"href":"https:\/\/turizempuhan.si\/index.php?rest_route=%2Fwp%2Fv2%2Fmedia&parent=4435"}],"wp:term":[{"taxonomy":"product_cat","embeddable":true,"href":"https:\/\/turizempuhan.si\/index.php?rest_route=%2Fwp%2Fv2%2Fproduct_cat&post=4435"},{"taxonomy":"product_tag","embeddable":true,"href":"https:\/\/turizempuhan.si\/index.php?rest_route=%2Fwp%2Fv2%2Fproduct_tag&post=4435"}],"curies":[{"name":"wp","href":"https:\/\/api.w.org\/{rel}","templated":true}]}}