{"id":4474,"date":"2020-12-23T22:07:50","date_gmt":"2020-12-23T22:07:50","guid":{"rendered":"https:\/\/turizempuhan.si\/?post_type=product&#038;p=4474"},"modified":"2026-02-25T15:08:51","modified_gmt":"2026-02-25T15:08:51","slug":"cemazevi-popki-212ml","status":"publish","type":"product","link":"https:\/\/turizempuhan.si\/?product=cemazevi-popki-212ml","title":{"rendered":"\u010cema\u017eevi popki 100ml"},"content":{"rendered":"<p>Sestavine: \u010dema\u017eevi popki, alkoholni kis, voda, sol, sladkor.<\/p>\n<p>Koli\u010dina: 100ml<\/p>\n<p>Hraniti v temnem in hladnem prostoru. Po odprtju hraniti v hladilniku in porabiti v nekaj dneh.<\/p>\n<p>Katarina Puhan &#8211; nosilka dopolnilne dejavnosti na kmetiji, Bogojina 311, 9222 Bogojina<\/p>\n","protected":false},"excerpt":{"rendered":"<p>Sestavine: \u010dema\u017eevi popki, alkoholni kis, voda, sol, sladkor. Koli\u010dina: 100ml Hraniti v temnem in hladnem prostoru. Po odprtju hraniti v hladilniku in porabiti v nekaj dneh. Katarina Puhan &#8211; nosilka dopolnilne dejavnosti na kmetiji, Bogojina 311, 9222 Bogojina<\/p>\n","protected":false},"featured_media":4467,"template":"","meta":[],"product_cat":[83],"product_tag":[93,94,84,95],"class_list":{"0":"post-4474","1":"product","2":"type-product","3":"status-publish","4":"has-post-thumbnail","6":"product_cat-delikatese","7":"product_tag-cemaz","8":"product_tag-cemazevi-popki","9":"product_tag-delikatese","10":"product_tag-popki","12":"first","13":"outofstock","14":"shipping-taxable","15":"purchasable","16":"product-type-simple"},"jetpack_sharing_enabled":true,"_links":{"self":[{"href":"https:\/\/turizempuhan.si\/index.php?rest_route=\/wp\/v2\/product\/4474","targetHints":{"allow":["GET"]}}],"collection":[{"href":"https:\/\/turizempuhan.si\/index.php?rest_route=\/wp\/v2\/product"}],"about":[{"href":"https:\/\/turizempuhan.si\/index.php?rest_route=\/wp\/v2\/types\/product"}],"wp:featuredmedia":[{"embeddable":true,"href":"https:\/\/turizempuhan.si\/index.php?rest_route=\/wp\/v2\/media\/4467"}],"wp:attachment":[{"href":"https:\/\/turizempuhan.si\/index.php?rest_route=%2Fwp%2Fv2%2Fmedia&parent=4474"}],"wp:term":[{"taxonomy":"product_cat","embeddable":true,"href":"https:\/\/turizempuhan.si\/index.php?rest_route=%2Fwp%2Fv2%2Fproduct_cat&post=4474"},{"taxonomy":"product_tag","embeddable":true,"href":"https:\/\/turizempuhan.si\/index.php?rest_route=%2Fwp%2Fv2%2Fproduct_tag&post=4474"}],"curies":[{"name":"wp","href":"https:\/\/api.w.org\/{rel}","templated":true}]}}